{"id":769,"date":"2024-07-22T19:30:47","date_gmt":"2024-07-22T19:30:47","guid":{"rendered":"https:\/\/www.languagebuddy.eu\/sobre-nosotros\/"},"modified":"2025-05-05T10:29:52","modified_gmt":"2025-05-05T10:29:52","slug":"sobre-nosotros","status":"publish","type":"page","link":"https:\/\/www.languagebuddy.eu\/es\/sobre-nosotros\/","title":{"rendered":"Sobre Nosotros"},"content":{"rendered":"\t\t<div data-elementor-type=\"wp-page\" data-elementor-id=\"769\" class=\"elementor elementor-769 elementor-47\" data-elementor-post-type=\"page\">\n\t\t\t\t<div class=\"elementor-element elementor-element-1306e0e e-flex e-con-boxed e-con e-parent\" data-id=\"1306e0e\" data-element_type=\"container\" data-e-type=\"container\" data-settings=\"{&quot;background_background&quot;:&quot;classic&quot;}\">\n\t\t\t\t\t<div class=\"e-con-inner\">\n\t\t\t\t\t<\/div>\n\t\t\t\t<\/div>\n\t\t<div class=\"elementor-element elementor-element-baa7baf e-flex e-con-boxed e-con e-parent\" data-id=\"baa7baf\" data-element_type=\"container\" data-e-type=\"container\">\n\t\t\t\t\t<div class=\"e-con-inner\">\n\t\t\t\t<div class=\"elementor-element elementor-element-001d3cd elementor-widget elementor-widget-heading\" data-id=\"001d3cd\" data-element_type=\"widget\" data-e-type=\"widget\" data-widget_type=\"heading.default\">\n\t\t\t\t<div class=\"elementor-widget-container\">\n\t\t\t\t\t<h2 class=\"elementor-heading-title elementor-size-default\">Objetivos y resultados esperados<\/h2>\t\t\t\t<\/div>\n\t\t\t\t<\/div>\n\t\t\t\t<div class=\"elementor-element elementor-element-102460d elementor-widget-divider--view-line elementor-widget elementor-widget-divider\" data-id=\"102460d\" data-element_type=\"widget\" data-e-type=\"widget\" data-widget_type=\"divider.default\">\n\t\t\t\t<div class=\"elementor-widget-container\">\n\t\t\t\t\t\t\t<div class=\"elementor-divider\">\n\t\t\t<span class=\"elementor-divider-separator\">\n\t\t\t\t\t\t<\/span>\n\t\t<\/div>\n\t\t\t\t\t\t<\/div>\n\t\t\t\t<\/div>\n\t\t\t\t<div class=\"elementor-element elementor-element-01e95bb elementor-widget elementor-widget-text-editor\" data-id=\"01e95bb\" data-element_type=\"widget\" data-e-type=\"widget\" data-widget_type=\"text-editor.default\">\n\t\t\t\t<div class=\"elementor-widget-container\">\n\t\t\t\t\t\t\t\t\t<p><span style=\"font-weight: 400;\">El objetivo de Language Buddy es mejorar el aprendizaje de idiomas de los estudiantes (de 12 a 17 a\u00f1os) de origen refugiado o inmigrante a trav\u00e9s del aprendizaje no formal e informal mediante la ampliaci\u00f3n de las pr\u00e1cticas de tutor\u00eda y la implementaci\u00f3n de un sistema de compa\u00f1eros ling\u00fc\u00edsticos. El sistema de compa\u00f1eros ling\u00fc\u00edsticos, coordinado por instituciones de educaci\u00f3n superior (IES), escuelas\/autoridades educativas, organizaciones no gubernamentales (ONG) y organizaciones dirigidas por inmigrantes, implica un emparejamiento con estudiantes de estas instituciones (de pedagog\u00eda\/educaci\u00f3n\/lengua\/literatura) que recibir\u00e1n apoyo para actuar como mentores de idiomas en t\u00e9rminos de programas voluntarios y\/o pr\u00e1cticas en el marco de sus estudios. <\/span><\/p><p><strong>Objetivos:<\/strong><\/p><ul><li style=\"font-weight: 400;\" aria-level=\"1\"><span style=\"font-weight: 400;\">Sistema de acompa\u00f1amiento y tutor\u00eda de alto nivel con un continuo de aprendizaje de idiomas para j\u00f3venes de origen migrante (de 12 a 17 a\u00f1os).<\/span><\/li><li style=\"font-weight: 400;\" aria-level=\"1\"><span style=\"font-weight: 400;\">Desarrollar las habilidades de los estudiantes de Educaci\u00f3n Superior de los departamentos de pedagog\u00eda\/educaci\u00f3n\/lengua\/literatura en metodolog\u00edas de tutor\u00eda y ense\u00f1anza de idiomas.<\/span><\/li><li style=\"font-weight: 400;\" aria-level=\"1\"><span style=\"font-weight: 400;\">Mejorar el acceso de los j\u00f3venes de origen migrante (de 12 a 17 a\u00f1os) al aprendizaje de idiomas de manera no formal\/informal (oportunidad de trabajo voluntario y acceso a escuelas).<\/span><\/li><li style=\"font-weight: 400;\" aria-level=\"1\"><span style=\"font-weight: 400;\">Reforzar la cooperaci\u00f3n y el intercambio entre instituciones de educaci\u00f3n superior, organizaciones dirigidas por inmigrantes, escuelas, ONG y autoridades educativas locales y nacionales para apoyar el aprendizaje de idiomas de los j\u00f3venes inmigrantes.<\/span><\/li><\/ul><p><strong><br>Resultados esperados:<\/strong><\/p><ul><li style=\"font-weight: 400;\" aria-level=\"1\"><span style=\"font-weight: 400;\">Mejora de las habilidades y competencias de al menos 365 estudiantes de instituciones de educaci\u00f3n superior de departamentos de pedagog\u00eda, educaci\u00f3n y literatura que ser\u00e1n capacitados en el modelo de compa\u00f1eros ling\u00fc\u00edsticos y participar\u00e1n en los proyectos piloto como mentores. <\/span><\/li><li style=\"font-weight: 400;\" aria-level=\"1\"><span style=\"font-weight: 400;\">Empoderamiento, mejora de las habilidades y competencias (ling\u00fc\u00edsticas) de al menos 365 alumnos de educaci\u00f3n secundaria de origen migrante que participar\u00e1n en los programas piloto como aprendices; <\/span><\/li><li style=\"font-weight: 400;\" aria-level=\"1\"><span style=\"font-weight: 400;\">Fortalecimiento de las alianzas y la cooperaci\u00f3n entre instituciones de educaci\u00f3n superior, organizaciones dirigidas por migrantes, escuelas, ONG y autoridades educativas locales y regionales a trav\u00e9s de actividades conjuntas y eventos relevantes;<\/span><\/li><li style=\"font-weight: 400;\" aria-level=\"1\"><span style=\"font-weight: 400;\">Mayor conocimiento y concienciaci\u00f3n de las redes de IES participantes sobre las ventajas del Modelo de compa\u00f1eros ling\u00fc\u00edsticos; <\/span><\/li><li style=\"font-weight: 400;\" aria-level=\"1\"><span style=\"font-weight: 400;\">Mayor concienciaci\u00f3n de las autoridades locales y nacionales, y de las comunidades locales\/el p\u00fablico en general sobre la importancia de la comunicaci\u00f3n intercultural y la solidaridad;<\/span><\/li><li style=\"font-weight: 400;\" aria-level=\"1\"><span style=\"font-weight: 400;\">Promoci\u00f3n de enfoques digitales innovadores y centrados en el alumno para el aprendizaje de idiomas de los inmigrantes.<\/span><\/li><li style=\"font-weight: 400;\" aria-level=\"1\"><span style=\"font-weight: 400;\">El modelo Language Buddy se integrar\u00e1 a\u00fan m\u00e1s en los departamentos de pedagog\u00eda, educaci\u00f3n y literatura de las instituciones de educaci\u00f3n superior y en otras disciplinas de los pa\u00edses de la UE;<\/span><\/li><li style=\"font-weight: 400;\" aria-level=\"1\"><span style=\"font-weight: 400;\">Modernizaci\u00f3n de las instituciones de educaci\u00f3n superior europeas;<\/span><\/li><li style=\"font-weight: 400;\" aria-level=\"1\"><span style=\"font-weight: 400;\">Menor ausentismo y abandono escolar prematuro entre ni\u00f1os y j\u00f3venes de origen refugiado o migrante, mayor sentido de pertenencia, compromiso c\u00edvico y mejora del rendimiento acad\u00e9mico;<\/span><\/li><li style=\"font-weight: 400;\" aria-level=\"1\"><span style=\"font-weight: 400;\">Relaciones y v\u00ednculos sociales significativos y duraderos entre estudiantes de instituciones de educaci\u00f3n superior y alumnos de educaci\u00f3n secundaria; integraci\u00f3n del modelo de compa\u00f1eros ling\u00fc\u00edsticos a nivel local y nacional;<\/span><\/li><li style=\"font-weight: 400;\" aria-level=\"1\"><span style=\"font-weight: 400;\">Redes locales e internacionales de organizaciones que cooperar\u00e1n para la inclusi\u00f3n de ni\u00f1os, ni\u00f1as y j\u00f3venes de origen migrante m\u00e1s all\u00e1 del ciclo de vida del proyecto;<\/span><\/li><li style=\"font-weight: 400;\" aria-level=\"1\"><span style=\"font-weight: 400;\">Inclusi\u00f3n social de familias migrantes;<\/span><\/li><li style=\"font-weight: 400;\" aria-level=\"1\"><span style=\"font-weight: 400;\">Contrarrestar las narrativas xen\u00f3fobas y romper estereotipos.<\/span><\/li><li style=\"font-weight: 400;\" aria-level=\"1\"><span style=\"font-weight: 400;\">Language Buddy abre nuevos caminos en un aspecto clave para avanzar hacia sociedades m\u00e1s cohesionadas e inclusivas, el aprendizaje de lenguas oficiales por parte de ni\u00f1os y adolescentes migrantes recientemente llegados a territorios de la UE.<\/span><\/li><\/ul>\t\t\t\t\t\t\t\t<\/div>\n\t\t\t\t<\/div>\n\t\t\t\t<div class=\"elementor-element elementor-element-f177c8e elementor-widget elementor-widget-heading\" data-id=\"f177c8e\" data-element_type=\"widget\" data-e-type=\"widget\" data-widget_type=\"heading.default\">\n\t\t\t\t<div class=\"elementor-widget-container\">\n\t\t\t\t\t<h2 class=\"elementor-heading-title elementor-size-default\">Actividades<\/h2>\t\t\t\t<\/div>\n\t\t\t\t<\/div>\n\t\t\t\t<div class=\"elementor-element elementor-element-dd4c2ac elementor-widget-divider--view-line elementor-widget elementor-widget-divider\" data-id=\"dd4c2ac\" data-element_type=\"widget\" data-e-type=\"widget\" data-widget_type=\"divider.default\">\n\t\t\t\t<div class=\"elementor-widget-container\">\n\t\t\t\t\t\t\t<div class=\"elementor-divider\">\n\t\t\t<span class=\"elementor-divider-separator\">\n\t\t\t\t\t\t<\/span>\n\t\t<\/div>\n\t\t\t\t\t\t<\/div>\n\t\t\t\t<\/div>\n\t\t\t\t<div class=\"elementor-element elementor-element-845c1a8 elementor-widget elementor-widget-text-editor\" data-id=\"845c1a8\" data-element_type=\"widget\" data-e-type=\"widget\" data-widget_type=\"text-editor.default\">\n\t\t\t\t<div class=\"elementor-widget-container\">\n\t\t\t\t\t\t\t\t\t<p><span style=\"font-weight: 400;\">Aqu\u00ed la lista de las principales actividades:<\/span><\/p><ul><li style=\"font-weight: 400;\" aria-level=\"1\"><span style=\"font-weight: 400;\">Revisi\u00f3n de las mejores pr\u00e1cticas existentes y herramientas efectivas<\/span><\/li><li style=\"font-weight: 400;\" aria-level=\"1\"><span style=\"font-weight: 400;\">Co-dise\u00f1o y desarrollo del modelo Language Buddy<\/span><\/li><li style=\"font-weight: 400;\" aria-level=\"1\"><span style=\"font-weight: 400;\">Establecimiento del sistema Language Buddy en las instituciones de educaci\u00f3n superior<\/span><\/li><li style=\"font-weight: 400;\" aria-level=\"1\"><span style=\"font-weight: 400;\">Desarrollo de curso en l\u00ednea para estudiantes de IES<\/span><\/li><li style=\"font-weight: 400;\" aria-level=\"1\"><span style=\"font-weight: 400;\">Taller de formaci\u00f3n de formadores (ToT) de Transnational Language Buddy<\/span><\/li><li style=\"font-weight: 400;\" aria-level=\"1\"><span style=\"font-weight: 400;\">Formaci\u00f3n de estudiantes de IES<\/span><\/li><li style=\"font-weight: 400;\" aria-level=\"1\"><span style=\"font-weight: 400;\">Puesta a prueba del sistema Language Buddy con alumnos de origen migrante<\/span><\/li><li style=\"font-weight: 400;\" aria-level=\"1\"><span style=\"font-weight: 400;\">Evaluaci\u00f3n de los pilotos y desarrollo del modelo Language Buddy 2.0<\/span><\/li><li style=\"font-weight: 400;\" aria-level=\"1\"><span style=\"font-weight: 400;\">Mesas redondas digitales nacionales<\/span><\/li><li style=\"font-weight: 400;\" aria-level=\"1\"><span style=\"font-weight: 400;\">Recomendaciones de pol\u00edticas para la incorporaci\u00f3n del modelo de compa\u00f1eros ling\u00fc\u00edsticos<\/span><\/li><\/ul>\t\t\t\t\t\t\t\t<\/div>\n\t\t\t\t<\/div>\n\t\t\t\t<div class=\"elementor-element elementor-element-ca16ef1 elementor-widget elementor-widget-heading\" data-id=\"ca16ef1\" data-element_type=\"widget\" data-e-type=\"widget\" data-widget_type=\"heading.default\">\n\t\t\t\t<div class=\"elementor-widget-container\">\n\t\t\t\t\t<h2 class=\"elementor-heading-title elementor-size-default\">Grupo objetivo<\/h2>\t\t\t\t<\/div>\n\t\t\t\t<\/div>\n\t\t\t\t<div class=\"elementor-element elementor-element-d11db2d elementor-widget-divider--view-line elementor-widget elementor-widget-divider\" data-id=\"d11db2d\" data-element_type=\"widget\" data-e-type=\"widget\" data-widget_type=\"divider.default\">\n\t\t\t\t<div class=\"elementor-widget-container\">\n\t\t\t\t\t\t\t<div class=\"elementor-divider\">\n\t\t\t<span class=\"elementor-divider-separator\">\n\t\t\t\t\t\t<\/span>\n\t\t<\/div>\n\t\t\t\t\t\t<\/div>\n\t\t\t\t<\/div>\n\t\t\t\t<div class=\"elementor-element elementor-element-9392085 elementor-widget elementor-widget-text-editor\" data-id=\"9392085\" data-element_type=\"widget\" data-e-type=\"widget\" data-widget_type=\"text-editor.default\">\n\t\t\t\t<div class=\"elementor-widget-container\">\n\t\t\t\t\t\t\t\t\t<p><span style=\"font-weight: 400;\">El grupo objetivo del proyecto son los estudiantes migrantes de educaci\u00f3n secundaria, los estudiantes de instituciones de educaci\u00f3n superior, las partes interesadas (instituciones de educaci\u00f3n superior, organizaciones lideradas por migrantes, escuelas, ONG, autoridades educativas locales\/regionales).<\/span><\/p>\t\t\t\t\t\t\t\t<\/div>\n\t\t\t\t<\/div>\n\t\t\t\t<div class=\"elementor-element elementor-element-f8970b1 elementor-widget elementor-widget-heading\" data-id=\"f8970b1\" data-element_type=\"widget\" data-e-type=\"widget\" data-widget_type=\"heading.default\">\n\t\t\t\t<div class=\"elementor-widget-container\">\n\t\t\t\t\t<h2 class=\"elementor-heading-title elementor-size-default\">Asociaci\u00f3n<\/h2>\t\t\t\t<\/div>\n\t\t\t\t<\/div>\n\t\t\t\t<div class=\"elementor-element elementor-element-bdfc621 elementor-widget-divider--view-line elementor-widget elementor-widget-divider\" data-id=\"bdfc621\" data-element_type=\"widget\" data-e-type=\"widget\" data-widget_type=\"divider.default\">\n\t\t\t\t<div class=\"elementor-widget-container\">\n\t\t\t\t\t\t\t<div class=\"elementor-divider\">\n\t\t\t<span class=\"elementor-divider-separator\">\n\t\t\t\t\t\t<\/span>\n\t\t<\/div>\n\t\t\t\t\t\t<\/div>\n\t\t\t\t<\/div>\n\t\t\t\t<div class=\"elementor-element elementor-element-941de98 elementor-widget elementor-widget-text-editor\" data-id=\"941de98\" data-element_type=\"widget\" data-e-type=\"widget\" data-widget_type=\"text-editor.default\">\n\t\t\t\t<div class=\"elementor-widget-container\">\n\t\t\t\t\t\t\t\t\t<p><span style=\"font-weight: 400;\">El Consorcio, liderado por la Universidad de Macedonia, est\u00e1 formado por 16 organizaciones, 8 OSC, 7 universidades, 1 direcci\u00f3n de educaci\u00f3n y tiene lugar en 8 pa\u00edses europeos: Grecia, Italia, Rumania, Bulgaria, Espa\u00f1a, Portugal, Malta y Austria.<\/span><\/p><p><a href=\"https:\/\/www.languagebuddy.eu\/es\/asociacion\/\">\ud83d\udd17 M\u00e1s informaci\u00f3n sobre los socios<\/a><\/p>\t\t\t\t\t\t\t\t<\/div>\n\t\t\t\t<\/div>\n\t\t\t\t<div class=\"elementor-element elementor-element-3c53efc elementor-widget elementor-widget-button\" data-id=\"3c53efc\" data-element_type=\"widget\" data-e-type=\"widget\" data-widget_type=\"button.default\">\n\t\t\t\t<div class=\"elementor-widget-container\">\n\t\t\t\t\t\t\t\t\t<div class=\"elementor-button-wrapper\">\n\t\t\t\t\t<a class=\"elementor-button elementor-button-link elementor-size-sm\" href=\"https:\/\/www.languagebuddy.eu\/wp-content\/uploads\/2024\/07\/Language-buddy-E-leaflet.pdf\">\n\t\t\t\t\t\t<span class=\"elementor-button-content-wrapper\">\n\t\t\t\t\t\t<span class=\"elementor-button-icon\">\n\t\t\t\t<svg aria-hidden=\"true\" class=\"e-font-icon-svg e-fas-download\" viewBox=\"0 0 512 512\" xmlns=\"http:\/\/www.w3.org\/2000\/svg\"><path d=\"M216 0h80c13.3 0 24 10.7 24 24v168h87.7c17.8 0 26.7 21.5 14.1 34.1L269.7 378.3c-7.5 7.5-19.8 7.5-27.3 0L90.1 226.1c-12.6-12.6-3.7-34.1 14.1-34.1H192V24c0-13.3 10.7-24 24-24zm296 376v112c0 13.3-10.7 24-24 24H24c-13.3 0-24-10.7-24-24V376c0-13.3 10.7-24 24-24h146.7l49 49c20.1 20.1 52.5 20.1 72.6 0l49-49H488c13.3 0 24 10.7 24 24zm-124 88c0-11-9-20-20-20s-20 9-20 20 9 20 20 20 20-9 20-20zm64 0c0-11-9-20-20-20s-20 9-20 20 9 20 20 20 20-9 20-20z\"><\/path><\/svg>\t\t\t<\/span>\n\t\t\t\t\t\t\t\t\t<span class=\"elementor-button-text\">Descargar el folleto<\/span>\n\t\t\t\t\t<\/span>\n\t\t\t\t\t<\/a>\n\t\t\t\t<\/div>\n\t\t\t\t\t\t\t\t<\/div>\n\t\t\t\t<\/div>\n\t\t\t\t<div class=\"elementor-element elementor-element-d245889 elementor-widget elementor-widget-text-editor\" data-id=\"d245889\" data-element_type=\"widget\" data-e-type=\"widget\" data-widget_type=\"text-editor.default\">\n\t\t\t\t<div class=\"elementor-widget-container\">\n\t\t\t\t\t\t\t\t\t<p><strong>Traducciones de folletos:<\/strong><\/p><p><span data-sheets-root=\"1\"><em>haz clic para descargar<\/em><\/span><\/p><p><a href=\"https:\/\/www.languagebuddy.eu\/wp-content\/uploads\/2025\/01\/EL-Language-buddy-E-leaflet.pdf\">\ud83c\uddec\ud83c\uddf7 Greek <\/a><br><a href=\"https:\/\/www.languagebuddy.eu\/wp-content\/uploads\/2025\/01\/ITA-Language-buddy-E-leaflet.pdf\">\ud83c\uddee\ud83c\uddf9 Italian<\/a><br><a href=\"https:\/\/www.languagebuddy.eu\/wp-content\/uploads\/2025\/01\/RO-Language-buddy-E-leaflet.pdf\">\ud83c\uddf7\ud83c\uddf4 Romanian<\/a><br><a href=\"https:\/\/www.languagebuddy.eu\/wp-content\/uploads\/2025\/01\/BG-Language-buddy-E-leaflet.pdf\">\ud83c\udde7\ud83c\uddec Bulgarian<\/a><br><a href=\"https:\/\/www.languagebuddy.eu\/wp-content\/uploads\/2025\/01\/ES-Language-buddy-E-leaflet.pdf\">\ud83c\uddea\ud83c\uddf8 Spanish<\/a><br><a href=\"https:\/\/www.languagebuddy.eu\/wp-content\/uploads\/2025\/01\/PT-Language-buddy-E-leaflet.pdf\">\ud83c\uddf5\ud83c\uddf9 Portuguese<\/a><br><a href=\"https:\/\/www.languagebuddy.eu\/wp-content\/uploads\/2025\/01\/DE-Language-buddy-E-leaflet.pdf\">\ud83c\udde6\ud83c\uddf9 German<\/a><br><a href=\"https:\/\/www.languagebuddy.eu\/wp-content\/uploads\/2025\/04\/AMIF-Language-buddy-A4-leaflet_Maltese.pdf\">\ud83c\uddf2\ud83c\uddf9 Maltese <\/a> <\/p>\t\t\t\t\t\t\t\t<\/div>\n\t\t\t\t<\/div>\n\t\t\t\t\t<\/div>\n\t\t\t\t<\/div>\n\t\t\t\t<\/div>\n\t\t","protected":false},"excerpt":{"rendered":"<p>Objetivos y resultados esperados El objetivo de Language Buddy es mejorar el aprendizaje de idiomas de los estudiantes (de 12 a 17 a\u00f1os) de origen refugiado o inmigrante a trav\u00e9s del aprendizaje no formal e informal mediante la ampliaci\u00f3n de las pr\u00e1cticas de tutor\u00eda y la implementaci\u00f3n de un sistema de compa\u00f1eros ling\u00fc\u00edsticos. El sistema [&hellip;]<\/p>\n","protected":false},"author":2,"featured_media":0,"parent":0,"menu_order":0,"comment_status":"closed","ping_status":"closed","template":"","meta":{"footnotes":""},"class_list":["post-769","page","type-page","status-publish","hentry"],"_links":{"self":[{"href":"https:\/\/www.languagebuddy.eu\/es\/wp-json\/wp\/v2\/pages\/769","targetHints":{"allow":["GET"]}}],"collection":[{"href":"https:\/\/www.languagebuddy.eu\/es\/wp-json\/wp\/v2\/pages"}],"about":[{"href":"https:\/\/www.languagebuddy.eu\/es\/wp-json\/wp\/v2\/types\/page"}],"author":[{"embeddable":true,"href":"https:\/\/www.languagebuddy.eu\/es\/wp-json\/wp\/v2\/users\/2"}],"replies":[{"embeddable":true,"href":"https:\/\/www.languagebuddy.eu\/es\/wp-json\/wp\/v2\/comments?post=769"}],"version-history":[{"count":5,"href":"https:\/\/www.languagebuddy.eu\/es\/wp-json\/wp\/v2\/pages\/769\/revisions"}],"predecessor-version":[{"id":992,"href":"https:\/\/www.languagebuddy.eu\/es\/wp-json\/wp\/v2\/pages\/769\/revisions\/992"}],"wp:attachment":[{"href":"https:\/\/www.languagebuddy.eu\/es\/wp-json\/wp\/v2\/media?parent=769"}],"curies":[{"name":"wp","href":"https:\/\/api.w.org\/{rel}","templated":true}]}}