{"id":778,"date":"2024-07-22T19:28:59","date_gmt":"2024-07-22T19:28:59","guid":{"rendered":"https:\/\/www.languagebuddy.eu\/acciones-piloto\/"},"modified":"2025-03-28T12:19:24","modified_gmt":"2025-03-28T12:19:24","slug":"acciones-piloto","status":"publish","type":"page","link":"https:\/\/www.languagebuddy.eu\/es\/acciones-piloto\/","title":{"rendered":"Acciones piloto"},"content":{"rendered":"\t\t<div data-elementor-type=\"wp-page\" data-elementor-id=\"778\" class=\"elementor elementor-778 elementor-38\" data-elementor-post-type=\"page\">\n\t\t\t\t<div class=\"elementor-element elementor-element-05e6f71 e-flex e-con-boxed e-con e-parent\" data-id=\"05e6f71\" data-element_type=\"container\" data-e-type=\"container\" data-settings=\"{&quot;background_background&quot;:&quot;classic&quot;}\">\n\t\t\t\t\t<div class=\"e-con-inner\">\n\t\t\t\t\t<\/div>\n\t\t\t\t<\/div>\n\t\t<div class=\"elementor-element elementor-element-cb4af44 e-flex e-con-boxed e-con e-parent\" data-id=\"cb4af44\" data-element_type=\"container\" data-e-type=\"container\">\n\t\t\t\t\t<div class=\"e-con-inner\">\n\t\t\t\t<div class=\"elementor-element elementor-element-9e1ee79 elementor-widget elementor-widget-heading\" data-id=\"9e1ee79\" data-element_type=\"widget\" data-e-type=\"widget\" data-widget_type=\"heading.default\">\n\t\t\t\t<div class=\"elementor-widget-container\">\n\t\t\t\t\t<h2 class=\"elementor-heading-title elementor-size-default\">Acciones piloto<\/h2>\t\t\t\t<\/div>\n\t\t\t\t<\/div>\n\t\t\t\t<div class=\"elementor-element elementor-element-8640aba elementor-widget-divider--view-line elementor-widget elementor-widget-divider\" data-id=\"8640aba\" data-element_type=\"widget\" data-e-type=\"widget\" data-widget_type=\"divider.default\">\n\t\t\t\t<div class=\"elementor-widget-container\">\n\t\t\t\t\t\t\t<div class=\"elementor-divider\">\n\t\t\t<span class=\"elementor-divider-separator\">\n\t\t\t\t\t\t<\/span>\n\t\t<\/div>\n\t\t\t\t\t\t<\/div>\n\t\t\t\t<\/div>\n\t\t\t\t<div class=\"elementor-element elementor-element-f196a9d elementor-widget elementor-widget-text-editor\" data-id=\"f196a9d\" data-element_type=\"widget\" data-e-type=\"widget\" data-widget_type=\"text-editor.default\">\n\t\t\t\t<div class=\"elementor-widget-container\">\n\t\t\t\t\t\t\t\t\t<p><span style=\"font-weight: 400;\">El programa contar\u00e1 con estudiantes de secundaria de origen migrante que ser\u00e1n reclutados con base en criterios relacionados con su perfil (se dar\u00e1 preferencia a alumnos con ausencias escolares y\/o alto riesgo de deserci\u00f3n, estudiantes con menores oportunidades, aquellos que enfrentan m\u00faltiples formas de discriminaci\u00f3n, etc.) y estudiantes de IES capacitados de departamentos de pedagog\u00eda\/educaci\u00f3n\/lengua\/literatura.<\/span><\/p><p><span style=\"font-weight: 400;\">Los mentores (estudiantes de instituciones de educaci\u00f3n superior capacitados) y los alumnos (alumnos de educaci\u00f3n secundaria) se emparejar\u00e1n previamente en cada pa\u00eds socio durante una sesi\u00f3n grupal inicial presencial o en l\u00ednea organizada por los socios en cada pa\u00eds socio para realizar actividades de ruptura de hielo y familiarizarse entre s\u00ed. Luego, los socios determinar\u00e1n las parejas finales de acuerdo con criterios de emparejamiento culturalmente sensibles que dar\u00e1n como resultado que cada estudiante de la instituci\u00f3n de educaci\u00f3n superior tenga 1 o 2 alumnos. <\/span><\/p><p><span style=\"font-weight: 400;\">Durante la primera reuni\u00f3n oficial se expresar\u00e1n de forma cooperativa los objetivos, necesidades y expectativas de los mentorizados, as\u00ed como las decisiones sobre la frecuencia de las reuniones y el establecimiento de un programa personalizado. En esta fase inicial se har\u00e1 un especial esfuerzo para implicar al m\u00e1ximo a los familiares de los mentorizados. <\/span><\/p><p><span style=\"font-weight: 400;\">Las sesiones de Language Buddy se coordinar\u00e1n con los socios y colaboradores asociados y se llevar\u00e1n a cabo en l\u00ednea o presenciales seg\u00fan las necesidades de los aprendices, durante una duraci\u00f3n de 4 a 6 meses. <\/span><\/p><p><span style=\"font-weight: 400;\">Los objetivos del programa piloto ser\u00e1n:<\/span><\/p><ul><li style=\"font-weight: 400;\" aria-level=\"1\"><span style=\"font-weight: 400;\">Desarrollar las habilidades de los estudiantes de Educaci\u00f3n Superior de los departamentos de pedagog\u00eda\/educaci\u00f3n\/lenguaje\/literatura sobre metodolog\u00edas de aprendizaje innovadoras, pedagog\u00eda intercultural y desarrollo del lenguaje. <\/span><\/li><li style=\"font-weight: 400;\" aria-level=\"1\"><span style=\"font-weight: 400;\">Mejorar el acceso de los j\u00f3venes de origen migrante (de 12 a 17 a\u00f1os) a oportunidades de aprendizaje no formal\/informal de idiomas (apoyando el trabajo realizado por las escuelas). <\/span><\/li><li style=\"font-weight: 400;\" aria-level=\"1\"><span style=\"font-weight: 400;\">Mejorar la cooperaci\u00f3n entre instituciones de educaci\u00f3n superior, organizaciones dirigidas por inmigrantes, escuelas, ONG y autoridades educativas locales y regionales para apoyar el aprendizaje de idiomas de los j\u00f3venes inmigrantes.<\/span><\/li><\/ul>\t\t\t\t\t\t\t\t<\/div>\n\t\t\t\t<\/div>\n\t\t\t\t<div class=\"elementor-element elementor-element-d34e82d elementor-widget elementor-widget-gallery\" data-id=\"d34e82d\" data-element_type=\"widget\" data-e-type=\"widget\" data-settings=\"{&quot;lazyload&quot;:&quot;yes&quot;,&quot;gallery_layout&quot;:&quot;grid&quot;,&quot;columns&quot;:4,&quot;columns_tablet&quot;:2,&quot;columns_mobile&quot;:1,&quot;gap&quot;:{&quot;unit&quot;:&quot;px&quot;,&quot;size&quot;:10,&quot;sizes&quot;:[]},&quot;gap_tablet&quot;:{&quot;unit&quot;:&quot;px&quot;,&quot;size&quot;:10,&quot;sizes&quot;:[]},&quot;gap_mobile&quot;:{&quot;unit&quot;:&quot;px&quot;,&quot;size&quot;:10,&quot;sizes&quot;:[]},&quot;link_to&quot;:&quot;file&quot;,&quot;aspect_ratio&quot;:&quot;3:2&quot;,&quot;overlay_background&quot;:&quot;yes&quot;,&quot;content_hover_animation&quot;:&quot;fade-in&quot;}\" data-widget_type=\"gallery.default\">\n\t\t\t\t<div class=\"elementor-widget-container\">\n\t\t\t\t\t\t\t<div class=\"elementor-gallery__container\">\n\t\t\t\t\t\t\t<a class=\"e-gallery-item elementor-gallery-item elementor-animated-content\" href=\"https:\/\/www.languagebuddy.eu\/wp-content\/uploads\/2024\/07\/students.jpg\" data-elementor-open-lightbox=\"yes\" data-elementor-lightbox-slideshow=\"d34e82d\" data-elementor-lightbox-title=\"High School Peers in Library\" data-e-action-hash=\"#elementor-action%3Aaction%3Dlightbox%26settings%3DeyJpZCI6ODIsInVybCI6Imh0dHBzOlwvXC93d3cubGFuZ3VhZ2VidWRkeS5ldVwvd3AtY29udGVudFwvdXBsb2Fkc1wvMjAyNFwvMDdcL3N0dWRlbnRzLmpwZyIsInNsaWRlc2hvdyI6ImQzNGU4MmQifQ%3D%3D\">\n\t\t\t\t\t<div class=\"e-gallery-image elementor-gallery-item__image\" data-thumbnail=\"https:\/\/www.languagebuddy.eu\/wp-content\/uploads\/2024\/07\/students-300x200.jpg\" data-width=\"300\" data-height=\"200\" aria-label=\"\" role=\"img\" ><\/div>\n\t\t\t\t\t\t\t\t\t\t\t<div class=\"elementor-gallery-item__overlay\"><\/div>\n\t\t\t\t\t\t\t\t\t\t\t\t\t\t<\/a>\n\t\t\t\t\t\t\t<a class=\"e-gallery-item elementor-gallery-item elementor-animated-content\" href=\"https:\/\/www.languagebuddy.eu\/wp-content\/uploads\/2024\/07\/students1.webp\" data-elementor-open-lightbox=\"yes\" data-elementor-lightbox-slideshow=\"d34e82d\" data-elementor-lightbox-title=\"students1\" data-e-action-hash=\"#elementor-action%3Aaction%3Dlightbox%26settings%3DeyJpZCI6ODQsInVybCI6Imh0dHBzOlwvXC93d3cubGFuZ3VhZ2VidWRkeS5ldVwvd3AtY29udGVudFwvdXBsb2Fkc1wvMjAyNFwvMDdcL3N0dWRlbnRzMS53ZWJwIiwic2xpZGVzaG93IjoiZDM0ZTgyZCJ9\">\n\t\t\t\t\t<div class=\"e-gallery-image elementor-gallery-item__image\" data-thumbnail=\"https:\/\/www.languagebuddy.eu\/wp-content\/uploads\/2024\/07\/students1-300x200.webp\" data-width=\"300\" data-height=\"200\" aria-label=\"\" role=\"img\" ><\/div>\n\t\t\t\t\t\t\t\t\t\t\t<div class=\"elementor-gallery-item__overlay\"><\/div>\n\t\t\t\t\t\t\t\t\t\t\t\t\t\t<\/a>\n\t\t\t\t\t\t\t<a class=\"e-gallery-item elementor-gallery-item elementor-animated-content\" href=\"https:\/\/www.languagebuddy.eu\/wp-content\/uploads\/2024\/07\/students2.jpg\" data-elementor-open-lightbox=\"yes\" data-elementor-lightbox-slideshow=\"d34e82d\" data-elementor-lightbox-title=\"They make really good study buddies\" data-e-action-hash=\"#elementor-action%3Aaction%3Dlightbox%26settings%3DeyJpZCI6ODUsInVybCI6Imh0dHBzOlwvXC93d3cubGFuZ3VhZ2VidWRkeS5ldVwvd3AtY29udGVudFwvdXBsb2Fkc1wvMjAyNFwvMDdcL3N0dWRlbnRzMi5qcGciLCJzbGlkZXNob3ciOiJkMzRlODJkIn0%3D\">\n\t\t\t\t\t<div class=\"e-gallery-image elementor-gallery-item__image\" data-thumbnail=\"https:\/\/www.languagebuddy.eu\/wp-content\/uploads\/2024\/07\/students2-300x200.jpg\" data-width=\"300\" data-height=\"200\" aria-label=\"\" role=\"img\" ><\/div>\n\t\t\t\t\t\t\t\t\t\t\t<div class=\"elementor-gallery-item__overlay\"><\/div>\n\t\t\t\t\t\t\t\t\t\t\t\t\t\t<\/a>\n\t\t\t\t\t\t\t<a class=\"e-gallery-item elementor-gallery-item elementor-animated-content\" href=\"https:\/\/www.languagebuddy.eu\/wp-content\/uploads\/2024\/07\/students3.webp\" data-elementor-open-lightbox=\"yes\" data-elementor-lightbox-slideshow=\"d34e82d\" data-elementor-lightbox-title=\"students3\" data-e-action-hash=\"#elementor-action%3Aaction%3Dlightbox%26settings%3DeyJpZCI6ODYsInVybCI6Imh0dHBzOlwvXC93d3cubGFuZ3VhZ2VidWRkeS5ldVwvd3AtY29udGVudFwvdXBsb2Fkc1wvMjAyNFwvMDdcL3N0dWRlbnRzMy53ZWJwIiwic2xpZGVzaG93IjoiZDM0ZTgyZCJ9\">\n\t\t\t\t\t<div class=\"e-gallery-image elementor-gallery-item__image\" data-thumbnail=\"https:\/\/www.languagebuddy.eu\/wp-content\/uploads\/2024\/07\/students3-300x200.webp\" data-width=\"300\" data-height=\"200\" aria-label=\"\" role=\"img\" ><\/div>\n\t\t\t\t\t\t\t\t\t\t\t<div class=\"elementor-gallery-item__overlay\"><\/div>\n\t\t\t\t\t\t\t\t\t\t\t\t\t\t<\/a>\n\t\t\t\t\t<\/div>\n\t\t\t\t\t<\/div>\n\t\t\t\t<\/div>\n\t\t\t\t\t<\/div>\n\t\t\t\t<\/div>\n\t\t\t\t<\/div>\n\t\t","protected":false},"excerpt":{"rendered":"<p>Acciones piloto El programa contar\u00e1 con estudiantes de secundaria de origen migrante que ser\u00e1n reclutados con base en criterios relacionados con su perfil (se dar\u00e1 preferencia a alumnos con ausencias escolares y\/o alto riesgo de deserci\u00f3n, estudiantes con menores oportunidades, aquellos que enfrentan m\u00faltiples formas de discriminaci\u00f3n, etc.) y estudiantes de IES capacitados de departamentos [&hellip;]<\/p>\n","protected":false},"author":2,"featured_media":0,"parent":0,"menu_order":0,"comment_status":"closed","ping_status":"closed","template":"","meta":{"footnotes":""},"class_list":["post-778","page","type-page","status-publish","hentry"],"_links":{"self":[{"href":"https:\/\/www.languagebuddy.eu\/es\/wp-json\/wp\/v2\/pages\/778","targetHints":{"allow":["GET"]}}],"collection":[{"href":"https:\/\/www.languagebuddy.eu\/es\/wp-json\/wp\/v2\/pages"}],"about":[{"href":"https:\/\/www.languagebuddy.eu\/es\/wp-json\/wp\/v2\/types\/page"}],"author":[{"embeddable":true,"href":"https:\/\/www.languagebuddy.eu\/es\/wp-json\/wp\/v2\/users\/2"}],"replies":[{"embeddable":true,"href":"https:\/\/www.languagebuddy.eu\/es\/wp-json\/wp\/v2\/comments?post=778"}],"version-history":[{"count":1,"href":"https:\/\/www.languagebuddy.eu\/es\/wp-json\/wp\/v2\/pages\/778\/revisions"}],"predecessor-version":[{"id":779,"href":"https:\/\/www.languagebuddy.eu\/es\/wp-json\/wp\/v2\/pages\/778\/revisions\/779"}],"wp:attachment":[{"href":"https:\/\/www.languagebuddy.eu\/es\/wp-json\/wp\/v2\/media?parent=778"}],"curies":[{"name":"wp","href":"https:\/\/api.w.org\/{rel}","templated":true}]}}