{"id":830,"date":"2024-07-22T19:30:47","date_gmt":"2024-07-22T19:30:47","guid":{"rendered":"https:\/\/www.languagebuddy.eu\/ghanijiet-u-rizultati-mistennija\/"},"modified":"2025-05-05T10:16:02","modified_gmt":"2025-05-05T10:16:02","slug":"ghanijiet-u-rizultati-mistennija","status":"publish","type":"page","link":"https:\/\/www.languagebuddy.eu\/mt\/ghanijiet-u-rizultati-mistennija\/","title":{"rendered":"G\u0127anijiet u ri\u017cultati mistennija"},"content":{"rendered":"\t\t<div data-elementor-type=\"wp-page\" data-elementor-id=\"830\" class=\"elementor elementor-830 elementor-47\" data-elementor-post-type=\"page\">\n\t\t\t\t<div class=\"elementor-element elementor-element-1306e0e e-flex e-con-boxed e-con e-parent\" data-id=\"1306e0e\" data-element_type=\"container\" data-e-type=\"container\" data-settings=\"{&quot;background_background&quot;:&quot;classic&quot;}\">\n\t\t\t\t\t<div class=\"e-con-inner\">\n\t\t\t\t\t<\/div>\n\t\t\t\t<\/div>\n\t\t<div class=\"elementor-element elementor-element-baa7baf e-flex e-con-boxed e-con e-parent\" data-id=\"baa7baf\" data-element_type=\"container\" data-e-type=\"container\">\n\t\t\t\t\t<div class=\"e-con-inner\">\n\t\t\t\t<div class=\"elementor-element elementor-element-001d3cd elementor-widget elementor-widget-heading\" data-id=\"001d3cd\" data-element_type=\"widget\" data-e-type=\"widget\" data-widget_type=\"heading.default\">\n\t\t\t\t<div class=\"elementor-widget-container\">\n\t\t\t\t\t<h2 class=\"elementor-heading-title elementor-size-default\">G\u0127anijiet u ri\u017cultati mistennija<\/h2>\t\t\t\t<\/div>\n\t\t\t\t<\/div>\n\t\t\t\t<div class=\"elementor-element elementor-element-102460d elementor-widget-divider--view-line elementor-widget elementor-widget-divider\" data-id=\"102460d\" data-element_type=\"widget\" data-e-type=\"widget\" data-widget_type=\"divider.default\">\n\t\t\t\t<div class=\"elementor-widget-container\">\n\t\t\t\t\t\t\t<div class=\"elementor-divider\">\n\t\t\t<span class=\"elementor-divider-separator\">\n\t\t\t\t\t\t<\/span>\n\t\t<\/div>\n\t\t\t\t\t\t<\/div>\n\t\t\t\t<\/div>\n\t\t\t\t<div class=\"elementor-element elementor-element-01e95bb elementor-widget elementor-widget-text-editor\" data-id=\"01e95bb\" data-element_type=\"widget\" data-e-type=\"widget\" data-widget_type=\"text-editor.default\">\n\t\t\t\t<div class=\"elementor-widget-container\">\n\t\t\t\t\t\t\t\t\t<p><span style=\"font-weight: 400;\">Language Buddy g\u0127andu l-g\u0127an li jsa\u0127\u0127a\u0127 it-tag\u0127lim tal-lingwa g\u0127al studenti li g\u0127andhom minn 12 sa 17-il sena u li huma, jew kienu, refu\u0121jati \/ immigranti. It-tag\u0127lim isir b\u2019mod informali minn mentors li ju\u017caw il- buddy system. Is-sistema, li hija kkoordinata minn Istituzzjonijiet ta\u2019 Edukazzjoni G\u0127olja (HEIs), skejjel\/awtoritajiet edukattivi, organizzazzjonijiet mhux governattivi (NGOs) u organizzazzjonijiet immexxija minn migranti, ta\u0127dem billi studenti tal-HEIs (dipartimenti tal-pedago\u0121ija\/edukazzjoni\/lingwa\/letteratura) ji\u0121u allokati studenti li g\u0127andhom b\u017conn jitg\u0127allmu il-lingwa biex jqattg\u0127u \u0127in maghhom b\u2019mod volontarju u\/jew b\u0127ala parti mill-programm tal-istudji tag\u0127hom. <\/span><\/p><p><strong>G\u0127anijiet:<\/strong><\/p><ul><li style=\"font-weight: 400;\" aria-level=\"1\"><span style=\"font-weight: 400;\">Sistemi ta\u2019 buddy\/mentoring b\u2019 aspett ta\u2019 tag\u0127lim tal-lingwa g\u0127al immigranti \u017cg\u0127a\u017cag\u0127 (minn 12 sa 17-il sena).<\/span><\/li><li style=\"font-weight: 400;\" aria-level=\"1\"><span style=\"font-weight: 400;\">Jinbnew il-\u0127iliet tal-istudenti tal-Edukazzjoni G\u0127olja fid-dipartimenti tal-pedago\u0121ija\/edukazzjoni\/lingwa\/letteratura fil-metodolo\u0121iji ta\u2019 tag\u0127lim innovattiv, pedago\u0121ija interkulturali u \u017cvilupp tal-lingwa.<\/span><\/li><li style=\"font-weight: 400;\" aria-level=\"1\"><span style=\"font-weight: 400;\">Jittejjeb l-a\u010b\u010bess ta\u2019 immigranti \u017cg\u0127a\u017cag\u0127 (minn 12 sa 17-il sena) g\u0127al opportunitajiet ta\u2019 tag\u0127lim tal-lingwi mhux formali\/informali (li jappo\u0121\u0121ja l-\u0127idma li ssir fl-iskejjel).<\/span><\/li><li style=\"font-weight: 400;\" aria-level=\"1\"><span style=\"font-weight: 400;\">Tissa\u0127\u0127a\u0127 il-kooperazzjoni bejn l-Istituzzjonijiet tal-Edukazzjoni G\u0127olja, l-organizzazzjonijiet immexxija mill-migranti, l-iskejjel, l-NGOs, l-awtoritajiet tal-edukazzjoni lokali\/re\u0121jonali g\u0127all-fit-tag\u0127lim tal-lingwa lill-immigranti \u017cg\u0127a\u017cag\u0127.<\/span><\/li><\/ul><p><strong><br>Ri\u017cultati mistennija:<\/strong><\/p><ul><li style=\"font-weight: 400;\" aria-level=\"1\"><span style=\"font-weight: 400;\">Titjib fil-\u0127iliet u l-kompetenzi ta\u2019 mill-inqas 365 student HEI mid-dipartimenti tal-pedago\u0121ija\/edukazzjoni\/letteratura li se ji\u0121u m\u0127arr\u0121a fil-Language Buddy Model u li ser jipparte\u010bipaw fil-pro\u0121etti pilota b\u0127ala mentors; <\/span><\/li><li style=\"font-weight: 400;\" aria-level=\"1\"><span style=\"font-weight: 400;\">Titjib fil-\u0127iliet (lingwisti\u010bi) u l-kompetenzi ta&#8217; mill-inqas 365 studenti sekondarji li huma immigranti li se jipparte\u010bipaw fil-pro\u0121etti pilota b\u0127ala mentees; <\/span><\/li><li style=\"font-weight: 400;\" aria-level=\"1\"><span style=\"font-weight: 400;\">S\u0127ubiji u kooperazzjoni msa\u0127\u0127a bejn l-HEIs, organizzazzjonijiet immexxija mill-immigranti, skejjel, NGOs, awtoritajiet edukattivi lokali\/re\u0121jonali permezz ta&#8217; attivitajiet kon\u0121unti u avvenimenti rilevanti;<\/span><\/li><li style=\"font-weight: 400;\" aria-level=\"1\"><span style=\"font-weight: 400;\">\u017bieda fl-g\u0127arfien minn na\u0127a tan-netwerks tal-HEIs li qed jipparte\u010bipaw dwar il-benefi\u010b\u010bji tal-Language Buddy Model; <\/span><\/li><li style=\"font-weight: 400;\" aria-level=\"1\"><span style=\"font-weight: 400;\">\u017bieda fl-g\u0127arfien minn na\u0127a tal-awtoritajiet lokali u nazzjonali, u tal-komunitajiet lokali\/pubbliku dwar l-importanza tal-komunikazzjoni interkulturali u s-solidarjet\u00e0;<\/span><\/li><li style=\"font-weight: 400;\" aria-level=\"1\"><span style=\"font-weight: 400;\">Promozzjoni ta&#8217; metodi innovattivi di\u0121itali mfassla spe\u010bifikament g\u0127at-tag\u0127lim tal-lingwa lil immigranti.<\/span><\/li><li style=\"font-weight: 400;\" aria-level=\"1\"><span style=\"font-weight: 400;\">Aktar integrazzjoni talLanguage Buddy Model fid-dipartimenti tal-pedago\u0121ija\/edukazzjoni\/letteratura tal-HEIs u dixxiplini o\u0127ra fil-pajji\u017ci tal-UE;<\/span><\/li><li style=\"font-weight: 400;\" aria-level=\"1\"><span style=\"font-weight: 400;\">Modernizzazzjoni tal-HEIs Ewropej;<\/span><\/li><li style=\"font-weight: 400;\" aria-level=\"1\"><span style=\"font-weight: 400;\">Nuqqas fir-rata ta\u2019 assentei\u017cmu u n-numru ta\u2019 tfal u \u017cg\u0127a\u017cag\u0127 immigranti li jo\u0127or\u0121u kmieni mis-sistema skolastika, \u017cieda fis-sens ta\u2019 impenn \u010biviku, s-sens li huma parti mis-socjeta\u2019 u titjib fir-ri\u017cultati akkademi\u010bi;<\/span><\/li><li style=\"font-weight: 400;\" aria-level=\"1\"><span style=\"font-weight: 400;\">Relazzjonijiet u rabtiet so\u010bjali sinifikanti u dejjiema bejn studenti tal-HEI u studenti tal-edukazzjoni sekondarja; l-integrazzjoni tal-Language Buddy Model fil-livell lokali\/nazzjonali;<\/span><\/li><li style=\"font-weight: 400;\" aria-level=\"1\"><span style=\"font-weight: 400;\">Netwerks lokali u internazzjonali ta\u2019 organizzazzjonijiet li se jikkopperaw biex ti\u017cdied l -inklu\u017cjoni ta\u2019 tfal u \u017cg\u0127a\u017cag\u0127 immigranti anke wara li jispi\u010b\u010ba il-pro\u0121ett;<\/span><\/li><li style=\"font-weight: 400;\" aria-level=\"1\"><span style=\"font-weight: 400;\">L-inklu\u017cjoni so\u010bjali tal-familji migranti;<\/span><\/li><li style=\"font-weight: 400;\" aria-level=\"1\"><span style=\"font-weight: 400;\">Tkompli il-\u0121lieda kontra n-narrattivi ksenofobi\u010bi u t-tkissir tal-isterjotipi.<\/span><\/li><li style=\"font-weight: 400;\" aria-level=\"1\"><span style=\"font-weight: 400;\">Language Buddy joffri modi \u0121odda biex jinbnew so\u010bjetajiet aktar koe\u017civi u inklu\u017civi u biex itejjeb it-tag\u0127lim tal-lingwi uffi\u010bjali g\u0127at-tfal u adoloxxenti migranti li g\u0127adhom jaslu fit-territorji tal-UE.<\/span><\/li><\/ul>\t\t\t\t\t\t\t\t<\/div>\n\t\t\t\t<\/div>\n\t\t\t\t<div class=\"elementor-element elementor-element-f177c8e elementor-widget elementor-widget-heading\" data-id=\"f177c8e\" data-element_type=\"widget\" data-e-type=\"widget\" data-widget_type=\"heading.default\">\n\t\t\t\t<div class=\"elementor-widget-container\">\n\t\t\t\t\t<h2 class=\"elementor-heading-title elementor-size-default\">Attivitajiet<\/h2>\t\t\t\t<\/div>\n\t\t\t\t<\/div>\n\t\t\t\t<div class=\"elementor-element elementor-element-dd4c2ac elementor-widget-divider--view-line elementor-widget elementor-widget-divider\" data-id=\"dd4c2ac\" data-element_type=\"widget\" data-e-type=\"widget\" data-widget_type=\"divider.default\">\n\t\t\t\t<div class=\"elementor-widget-container\">\n\t\t\t\t\t\t\t<div class=\"elementor-divider\">\n\t\t\t<span class=\"elementor-divider-separator\">\n\t\t\t\t\t\t<\/span>\n\t\t<\/div>\n\t\t\t\t\t\t<\/div>\n\t\t\t\t<\/div>\n\t\t\t\t<div class=\"elementor-element elementor-element-845c1a8 elementor-widget elementor-widget-text-editor\" data-id=\"845c1a8\" data-element_type=\"widget\" data-e-type=\"widget\" data-widget_type=\"text-editor.default\">\n\t\t\t\t<div class=\"elementor-widget-container\">\n\t\t\t\t\t\t\t\t\t<p><span style=\"font-weight: 400;\">Din hija il-lista tal-attivitajiet ewlenin:<\/span><\/p><ul><li style=\"font-weight: 400;\" aria-level=\"1\"><span style=\"font-weight: 400;\">Revi\u017cjoni tal-a\u0127jar prattiki e\u017cistenti u g\u0127odod effettivi<\/span><\/li><li style=\"font-weight: 400;\" aria-level=\"1\"><span style=\"font-weight: 400;\">Ko-disinn u \u017cvilupp tal-Language Buddy Model<\/span><\/li><li style=\"font-weight: 400;\" aria-level=\"1\"><span style=\"font-weight: 400;\">Implementazzjoni tas-sistema tal-Language Buddy Model fl-HEIs<\/span><\/li><li style=\"font-weight: 400;\" aria-level=\"1\"><span style=\"font-weight: 400;\">\u017bvilupp ta&#8217; kors onlajn g\u0127all-istudenti tal-HEI<\/span><\/li><li style=\"font-weight: 400;\" aria-level=\"1\"><span style=\"font-weight: 400;\">Workshop Transnazzjonali ta&#8217; Ta\u0127ri\u0121 g\u0127al Language Buddy Trainers (ToT) Buddy Transnational Language Buddy<\/span><\/li><li style=\"font-weight: 400;\" aria-level=\"1\"><span style=\"font-weight: 400;\">Ta\u0127ri\u0121 lill-istudenti tal-HEI<\/span><\/li><li style=\"font-weight: 400;\" aria-level=\"1\"><span style=\"font-weight: 400;\">Pilota tas-sistema Language Buddy ma&#8217; studenti li huma immigranti.<\/span><\/li><li style=\"font-weight: 400;\" aria-level=\"1\"><span style=\"font-weight: 400;\">Evalwazzjoni tal-pro\u0121etti pilota u \u017cvilupp tal-Language Buddy Model 2.0<\/span><\/li><li style=\"font-weight: 400;\" aria-level=\"1\"><span style=\"font-weight: 400;\">Roundtables nazzjonali di\u0121itali<\/span><\/li><li style=\"font-weight: 400;\" aria-level=\"1\"><span style=\"font-weight: 400;\">L-i\u017cvilupp ta\u2019 rakkomandazzjonijiet biex ji\u0121i integrat il-Language Buddy Model fl-iskejjel mainstream.<\/span><\/li><\/ul>\t\t\t\t\t\t\t\t<\/div>\n\t\t\t\t<\/div>\n\t\t\t\t<div class=\"elementor-element elementor-element-ca16ef1 elementor-widget elementor-widget-heading\" data-id=\"ca16ef1\" data-element_type=\"widget\" data-e-type=\"widget\" data-widget_type=\"heading.default\">\n\t\t\t\t<div class=\"elementor-widget-container\">\n\t\t\t\t\t<h2 class=\"elementor-heading-title elementor-size-default\">Grupp fil-mira<\/h2>\t\t\t\t<\/div>\n\t\t\t\t<\/div>\n\t\t\t\t<div class=\"elementor-element elementor-element-d11db2d elementor-widget-divider--view-line elementor-widget elementor-widget-divider\" data-id=\"d11db2d\" data-element_type=\"widget\" data-e-type=\"widget\" data-widget_type=\"divider.default\">\n\t\t\t\t<div class=\"elementor-widget-container\">\n\t\t\t\t\t\t\t<div class=\"elementor-divider\">\n\t\t\t<span class=\"elementor-divider-separator\">\n\t\t\t\t\t\t<\/span>\n\t\t<\/div>\n\t\t\t\t\t\t<\/div>\n\t\t\t\t<\/div>\n\t\t\t\t<div class=\"elementor-element elementor-element-9392085 elementor-widget elementor-widget-text-editor\" data-id=\"9392085\" data-element_type=\"widget\" data-e-type=\"widget\" data-widget_type=\"text-editor.default\">\n\t\t\t\t<div class=\"elementor-widget-container\">\n\t\t\t\t\t\t\t\t\t<p><span style=\"font-weight: 400;\">Il-grupp fil-mira tal-pro\u0121ett huma studenti sekondarji li huma immigranti, studenti fil-HEIs, u entitajiet interessati (Istituzzjonijiet tal-Edukazzjoni G\u0127olja, organizzazzjonijiet immexxija mill-migranti, skejjel, NGOs, awtoritajiet tal-edukazzjoni lokali\/re\u0121jonali).<\/span><\/p>\t\t\t\t\t\t\t\t<\/div>\n\t\t\t\t<\/div>\n\t\t\t\t<div class=\"elementor-element elementor-element-f8970b1 elementor-widget elementor-widget-heading\" data-id=\"f8970b1\" data-element_type=\"widget\" data-e-type=\"widget\" data-widget_type=\"heading.default\">\n\t\t\t\t<div class=\"elementor-widget-container\">\n\t\t\t\t\t<h2 class=\"elementor-heading-title elementor-size-default\">S\u0127ubija<\/h2>\t\t\t\t<\/div>\n\t\t\t\t<\/div>\n\t\t\t\t<div class=\"elementor-element elementor-element-bdfc621 elementor-widget-divider--view-line elementor-widget elementor-widget-divider\" data-id=\"bdfc621\" data-element_type=\"widget\" data-e-type=\"widget\" data-widget_type=\"divider.default\">\n\t\t\t\t<div class=\"elementor-widget-container\">\n\t\t\t\t\t\t\t<div class=\"elementor-divider\">\n\t\t\t<span class=\"elementor-divider-separator\">\n\t\t\t\t\t\t<\/span>\n\t\t<\/div>\n\t\t\t\t\t\t<\/div>\n\t\t\t\t<\/div>\n\t\t\t\t<div class=\"elementor-element elementor-element-941de98 elementor-widget elementor-widget-text-editor\" data-id=\"941de98\" data-element_type=\"widget\" data-e-type=\"widget\" data-widget_type=\"text-editor.default\">\n\t\t\t\t<div class=\"elementor-widget-container\">\n\t\t\t\t\t\t\t\t\t<p><span style=\"font-weight: 400;\">Il-Konsorzju, immexxi mill-Universit\u00e0 tal-Ma\u010bedonja, jikkonsisti minn 16-il organizzazzjoni, 8 CSOs, 7 Universitajiet, u 1 direttorat tal-edukazzjoni. Il-pro\u0121ett ser ji\u0121i attwat fi 8 pajji\u017ci Ewropej: il-Gre\u010bja, l-Italja, ir-Rumanija, il-Bulgarija, Spanja, il-Portugal, Malta u l-Awstrija.<\/span><\/p><p><a href=\"https:\/\/www.languagebuddy.eu\/mt\/shubija\/\">\ud83d\udd17 Aqra aktar dwar l-imsie\u0127ba<\/a><\/p>\t\t\t\t\t\t\t\t<\/div>\n\t\t\t\t<\/div>\n\t\t\t\t<div class=\"elementor-element elementor-element-3c53efc elementor-widget elementor-widget-button\" data-id=\"3c53efc\" data-element_type=\"widget\" data-e-type=\"widget\" data-widget_type=\"button.default\">\n\t\t\t\t<div class=\"elementor-widget-container\">\n\t\t\t\t\t\t\t\t\t<div class=\"elementor-button-wrapper\">\n\t\t\t\t\t<a class=\"elementor-button elementor-button-link elementor-size-sm\" href=\"https:\/\/www.languagebuddy.eu\/wp-content\/uploads\/2024\/07\/Language-buddy-E-leaflet.pdf\">\n\t\t\t\t\t\t<span class=\"elementor-button-content-wrapper\">\n\t\t\t\t\t\t<span class=\"elementor-button-icon\">\n\t\t\t\t<svg aria-hidden=\"true\" class=\"e-font-icon-svg e-fas-download\" viewBox=\"0 0 512 512\" xmlns=\"http:\/\/www.w3.org\/2000\/svg\"><path d=\"M216 0h80c13.3 0 24 10.7 24 24v168h87.7c17.8 0 26.7 21.5 14.1 34.1L269.7 378.3c-7.5 7.5-19.8 7.5-27.3 0L90.1 226.1c-12.6-12.6-3.7-34.1 14.1-34.1H192V24c0-13.3 10.7-24 24-24zm296 376v112c0 13.3-10.7 24-24 24H24c-13.3 0-24-10.7-24-24V376c0-13.3 10.7-24 24-24h146.7l49 49c20.1 20.1 52.5 20.1 72.6 0l49-49H488c13.3 0 24 10.7 24 24zm-124 88c0-11-9-20-20-20s-20 9-20 20 9 20 20 20 20-9 20-20zm64 0c0-11-9-20-20-20s-20 9-20 20 9 20 20 20 20-9 20-20z\"><\/path><\/svg>\t\t\t<\/span>\n\t\t\t\t\t\t\t\t\t<span class=\"elementor-button-text\">Ni\u017c\u017cel il-fuljett<\/span>\n\t\t\t\t\t<\/span>\n\t\t\t\t\t<\/a>\n\t\t\t\t<\/div>\n\t\t\t\t\t\t\t\t<\/div>\n\t\t\t\t<\/div>\n\t\t\t\t<div class=\"elementor-element elementor-element-d245889 elementor-widget elementor-widget-text-editor\" data-id=\"d245889\" data-element_type=\"widget\" data-e-type=\"widget\" data-widget_type=\"text-editor.default\">\n\t\t\t\t<div class=\"elementor-widget-container\">\n\t\t\t\t\t\t\t\t\t<p><strong>Traduzzjonijiet tal-fuljetti:<\/strong><\/p><p><span data-sheets-root=\"1\"><em>Ikklikkja biex tni\u017c\u017cel<\/em><\/span><\/p><p><a href=\"https:\/\/www.languagebuddy.eu\/wp-content\/uploads\/2025\/01\/EL-Language-buddy-E-leaflet.pdf\">\ud83c\uddec\ud83c\uddf7 Greek <\/a><br><a href=\"https:\/\/www.languagebuddy.eu\/wp-content\/uploads\/2025\/01\/ITA-Language-buddy-E-leaflet.pdf\">\ud83c\uddee\ud83c\uddf9 Italian<\/a><br><a href=\"https:\/\/www.languagebuddy.eu\/wp-content\/uploads\/2025\/01\/RO-Language-buddy-E-leaflet.pdf\">\ud83c\uddf7\ud83c\uddf4 Romanian<\/a><br><a href=\"https:\/\/www.languagebuddy.eu\/wp-content\/uploads\/2025\/01\/BG-Language-buddy-E-leaflet.pdf\">\ud83c\udde7\ud83c\uddec Bulgarian<\/a><br><a href=\"https:\/\/www.languagebuddy.eu\/wp-content\/uploads\/2025\/01\/ES-Language-buddy-E-leaflet.pdf\">\ud83c\uddea\ud83c\uddf8 Spanish<\/a><br><a href=\"https:\/\/www.languagebuddy.eu\/wp-content\/uploads\/2025\/01\/PT-Language-buddy-E-leaflet.pdf\">\ud83c\uddf5\ud83c\uddf9 Portuguese<\/a><br><a href=\"https:\/\/www.languagebuddy.eu\/wp-content\/uploads\/2025\/01\/DE-Language-buddy-E-leaflet.pdf\">\ud83c\udde6\ud83c\uddf9 German<\/a><br><a href=\"https:\/\/www.languagebuddy.eu\/wp-content\/uploads\/2025\/04\/AMIF-Language-buddy-A4-leaflet_Maltese.pdf\">\ud83c\uddf2\ud83c\uddf9 Maltese <\/a> <\/p>\t\t\t\t\t\t\t\t<\/div>\n\t\t\t\t<\/div>\n\t\t\t\t\t<\/div>\n\t\t\t\t<\/div>\n\t\t\t\t<\/div>\n\t\t","protected":false},"excerpt":{"rendered":"<p>G\u0127anijiet u ri\u017cultati mistennija Language Buddy g\u0127andu l-g\u0127an li jsa\u0127\u0127a\u0127 it-tag\u0127lim tal-lingwa g\u0127al studenti li g\u0127andhom minn 12 sa 17-il sena u li huma, jew kienu, refu\u0121jati \/ immigranti. It-tag\u0127lim isir b\u2019mod informali minn mentors li ju\u017caw il- buddy system. Is-sistema, li hija kkoordinata minn Istituzzjonijiet ta\u2019 Edukazzjoni G\u0127olja (HEIs), skejjel\/awtoritajiet edukattivi, organizzazzjonijiet mhux governattivi [&hellip;]<\/p>\n","protected":false},"author":2,"featured_media":0,"parent":0,"menu_order":0,"comment_status":"closed","ping_status":"closed","template":"","meta":{"footnotes":""},"class_list":["post-830","page","type-page","status-publish","hentry"],"_links":{"self":[{"href":"https:\/\/www.languagebuddy.eu\/mt\/wp-json\/wp\/v2\/pages\/830","targetHints":{"allow":["GET"]}}],"collection":[{"href":"https:\/\/www.languagebuddy.eu\/mt\/wp-json\/wp\/v2\/pages"}],"about":[{"href":"https:\/\/www.languagebuddy.eu\/mt\/wp-json\/wp\/v2\/types\/page"}],"author":[{"embeddable":true,"href":"https:\/\/www.languagebuddy.eu\/mt\/wp-json\/wp\/v2\/users\/2"}],"replies":[{"embeddable":true,"href":"https:\/\/www.languagebuddy.eu\/mt\/wp-json\/wp\/v2\/comments?post=830"}],"version-history":[{"count":3,"href":"https:\/\/www.languagebuddy.eu\/mt\/wp-json\/wp\/v2\/pages\/830\/revisions"}],"predecessor-version":[{"id":984,"href":"https:\/\/www.languagebuddy.eu\/mt\/wp-json\/wp\/v2\/pages\/830\/revisions\/984"}],"wp:attachment":[{"href":"https:\/\/www.languagebuddy.eu\/mt\/wp-json\/wp\/v2\/media?parent=830"}],"curies":[{"name":"wp","href":"https:\/\/api.w.org\/{rel}","templated":true}]}}