{"id":836,"date":"2024-07-22T19:28:27","date_gmt":"2024-07-22T19:28:27","guid":{"rendered":"https:\/\/www.languagebuddy.eu\/l-ahjar-prattiki\/"},"modified":"2025-04-10T11:33:16","modified_gmt":"2025-04-10T11:33:16","slug":"l-ahjar-prattiki","status":"publish","type":"page","link":"https:\/\/www.languagebuddy.eu\/mt\/l-ahjar-prattiki\/","title":{"rendered":"L-a\u0127jar prattiki"},"content":{"rendered":"\t\t<div data-elementor-type=\"wp-page\" data-elementor-id=\"836\" class=\"elementor elementor-836 elementor-34\" data-elementor-post-type=\"page\">\n\t\t\t\t<div class=\"elementor-element elementor-element-9ed59c5 e-flex e-con-boxed e-con e-parent\" data-id=\"9ed59c5\" data-element_type=\"container\" data-e-type=\"container\" data-settings=\"{&quot;background_background&quot;:&quot;classic&quot;}\">\n\t\t\t\t\t<div class=\"e-con-inner\">\n\t\t\t\t\t<\/div>\n\t\t\t\t<\/div>\n\t\t<div class=\"elementor-element elementor-element-318a1df e-flex e-con-boxed e-con e-parent\" data-id=\"318a1df\" data-element_type=\"container\" data-e-type=\"container\">\n\t\t\t\t\t<div class=\"e-con-inner\">\n\t\t\t\t<div class=\"elementor-element elementor-element-bec52a8 elementor-widget elementor-widget-heading\" data-id=\"bec52a8\" data-element_type=\"widget\" data-e-type=\"widget\" data-widget_type=\"heading.default\">\n\t\t\t\t<div class=\"elementor-widget-container\">\n\t\t\t\t\t<h2 class=\"elementor-heading-title elementor-size-default\"><span>L-a\u0127jar pratti\u010bi dwar it-tag\u0127lim tal-lingwi<\/span><\/h2>\t\t\t\t<\/div>\n\t\t\t\t<\/div>\n\t\t\t\t<div class=\"elementor-element elementor-element-8ee6046 elementor-widget-divider--view-line elementor-widget elementor-widget-divider\" data-id=\"8ee6046\" data-element_type=\"widget\" data-e-type=\"widget\" data-widget_type=\"divider.default\">\n\t\t\t\t<div class=\"elementor-widget-container\">\n\t\t\t\t\t\t\t<div class=\"elementor-divider\">\n\t\t\t<span class=\"elementor-divider-separator\">\n\t\t\t\t\t\t<\/span>\n\t\t<\/div>\n\t\t\t\t\t\t<\/div>\n\t\t\t\t<\/div>\n\t\t\t\t<div class=\"elementor-element elementor-element-26d9402 elementor-widget elementor-widget-text-editor\" data-id=\"26d9402\" data-element_type=\"widget\" data-e-type=\"widget\" data-widget_type=\"text-editor.default\">\n\t\t\t\t<div class=\"elementor-widget-container\">\n\t\t\t\t\t\t\t\t\tIn\u0121abru tmienja u erbg\u0127in good practice mit-tmien pajji\u017ci msie\u0127ba tal-UE involuti fil- <strong>Pro\u0121ett Language Buddy.<\/strong> Tista&#8217; ta\u010b\u010bessa deskrizzjonijiet dettaljati tal-pratti\u010bi mag\u0127\u017cula li jenfasizzaw il-fatturi ta&#8217; su\u010b\u010bess u r-ri\u017cultati li jappo\u0121\u0121jaw l-inklu\u017cjoni ta&#8217; studenti immigranti.\t\t\t\t\t\t\t\t<\/div>\n\t\t\t\t<\/div>\n\t\t\t\t<div class=\"elementor-element elementor-element-ece3f68 elementor-widget elementor-widget-button\" data-id=\"ece3f68\" data-element_type=\"widget\" data-e-type=\"widget\" data-widget_type=\"button.default\">\n\t\t\t\t<div class=\"elementor-widget-container\">\n\t\t\t\t\t\t\t\t\t<div class=\"elementor-button-wrapper\">\n\t\t\t\t\t<a class=\"elementor-button elementor-button-link elementor-size-sm\" href=\"https:\/\/sites.google.com\/symplexis.eu\/l-buddy-repository\/home\">\n\t\t\t\t\t\t<span class=\"elementor-button-content-wrapper\">\n\t\t\t\t\t\t\t\t\t<span class=\"elementor-button-text\">\u017bur ir-repo\u017citorju<\/span>\n\t\t\t\t\t<\/span>\n\t\t\t\t\t<\/a>\n\t\t\t\t<\/div>\n\t\t\t\t\t\t\t\t<\/div>\n\t\t\t\t<\/div>\n\t\t\t\t\t<\/div>\n\t\t\t\t<\/div>\n\t\t\t\t<\/div>\n\t\t","protected":false},"excerpt":{"rendered":"<p>L-a\u0127jar pratti\u010bi dwar it-tag\u0127lim tal-lingwi In\u0121abru tmienja u erbg\u0127in good practice mit-tmien pajji\u017ci msie\u0127ba tal-UE involuti fil- Pro\u0121ett Language Buddy. Tista&#8217; ta\u010b\u010bessa deskrizzjonijiet dettaljati tal-pratti\u010bi mag\u0127\u017cula li jenfasizzaw il-fatturi ta&#8217; su\u010b\u010bess u r-ri\u017cultati li jappo\u0121\u0121jaw l-inklu\u017cjoni ta&#8217; studenti immigranti. \u017bur ir-repo\u017citorju<\/p>\n","protected":false},"author":2,"featured_media":0,"parent":0,"menu_order":0,"comment_status":"closed","ping_status":"closed","template":"","meta":{"footnotes":""},"class_list":["post-836","page","type-page","status-publish","hentry"],"_links":{"self":[{"href":"https:\/\/www.languagebuddy.eu\/mt\/wp-json\/wp\/v2\/pages\/836","targetHints":{"allow":["GET"]}}],"collection":[{"href":"https:\/\/www.languagebuddy.eu\/mt\/wp-json\/wp\/v2\/pages"}],"about":[{"href":"https:\/\/www.languagebuddy.eu\/mt\/wp-json\/wp\/v2\/types\/page"}],"author":[{"embeddable":true,"href":"https:\/\/www.languagebuddy.eu\/mt\/wp-json\/wp\/v2\/users\/2"}],"replies":[{"embeddable":true,"href":"https:\/\/www.languagebuddy.eu\/mt\/wp-json\/wp\/v2\/comments?post=836"}],"version-history":[{"count":1,"href":"https:\/\/www.languagebuddy.eu\/mt\/wp-json\/wp\/v2\/pages\/836\/revisions"}],"predecessor-version":[{"id":837,"href":"https:\/\/www.languagebuddy.eu\/mt\/wp-json\/wp\/v2\/pages\/836\/revisions\/837"}],"wp:attachment":[{"href":"https:\/\/www.languagebuddy.eu\/mt\/wp-json\/wp\/v2\/media?parent=836"}],"curies":[{"name":"wp","href":"https:\/\/api.w.org\/{rel}","templated":true}]}}