{"id":840,"date":"2024-07-22T19:28:59","date_gmt":"2024-07-22T19:28:59","guid":{"rendered":"https:\/\/www.languagebuddy.eu\/azzjonijiet-pilota\/"},"modified":"2025-04-10T11:38:33","modified_gmt":"2025-04-10T11:38:33","slug":"azzjonijiet-pilota","status":"publish","type":"page","link":"https:\/\/www.languagebuddy.eu\/mt\/azzjonijiet-pilota\/","title":{"rendered":"Azzjonijiet pilota"},"content":{"rendered":"\t\t<div data-elementor-type=\"wp-page\" data-elementor-id=\"840\" class=\"elementor elementor-840 elementor-38\" data-elementor-post-type=\"page\">\n\t\t\t\t<div class=\"elementor-element elementor-element-05e6f71 e-flex e-con-boxed e-con e-parent\" data-id=\"05e6f71\" data-element_type=\"container\" data-e-type=\"container\" data-settings=\"{&quot;background_background&quot;:&quot;classic&quot;}\">\n\t\t\t\t\t<div class=\"e-con-inner\">\n\t\t\t\t\t<\/div>\n\t\t\t\t<\/div>\n\t\t<div class=\"elementor-element elementor-element-cb4af44 e-flex e-con-boxed e-con e-parent\" data-id=\"cb4af44\" data-element_type=\"container\" data-e-type=\"container\">\n\t\t\t\t\t<div class=\"e-con-inner\">\n\t\t\t\t<div class=\"elementor-element elementor-element-9e1ee79 elementor-widget elementor-widget-heading\" data-id=\"9e1ee79\" data-element_type=\"widget\" data-e-type=\"widget\" data-widget_type=\"heading.default\">\n\t\t\t\t<div class=\"elementor-widget-container\">\n\t\t\t\t\t<h2 class=\"elementor-heading-title elementor-size-default\">Azzjonijiet pilota<\/h2>\t\t\t\t<\/div>\n\t\t\t\t<\/div>\n\t\t\t\t<div class=\"elementor-element elementor-element-8640aba elementor-widget-divider--view-line elementor-widget elementor-widget-divider\" data-id=\"8640aba\" data-element_type=\"widget\" data-e-type=\"widget\" data-widget_type=\"divider.default\">\n\t\t\t\t<div class=\"elementor-widget-container\">\n\t\t\t\t\t\t\t<div class=\"elementor-divider\">\n\t\t\t<span class=\"elementor-divider-separator\">\n\t\t\t\t\t\t<\/span>\n\t\t<\/div>\n\t\t\t\t\t\t<\/div>\n\t\t\t\t<\/div>\n\t\t\t\t<div class=\"elementor-element elementor-element-f196a9d elementor-widget elementor-widget-text-editor\" data-id=\"f196a9d\" data-element_type=\"widget\" data-e-type=\"widget\" data-widget_type=\"text-editor.default\">\n\t\t\t\t<div class=\"elementor-widget-container\">\n\t\t\t\t\t\t\t\t\t<p><span style=\"font-weight: 400;\">Il-programm se jinvolvi studenti mmigranti fl-iskejjel sekondarji li se ji\u0121u reklutati abba\u017ci ta\u2019 kriterji relatati mal-profil tag\u0127hom (se ting\u0127ata preferenza lil studenti li jitilfu \u0127afna skola u\/jew huma f\u2019riskju g\u0127oli li jitilqu mill-iskola kmieni, studenti b\u2019inqas opportunitajiet, dawk li huma l-mira ta\u2019 diskriminazzjoni, e\u010b\u010b.) u studenti tal- HEI mid-dipartimenti tal-pedago\u0121ija\/edukazzjoni\/lingwa\/letteratura.<\/span><\/p><p><span style=\"font-weight: 400;\">Mentors (studenti tal-HEI li huma m\u0127arr\u0121a) u mentees (studenti tal-edukazzjoni sekondarja) se ji\u0121u mse\u0127bin flimkien minn qabel waqt sessjoni inizjali ta&#8217; grupp li ser jse\u0127\u0127 wi\u010b\u010b imb&#8217;wi\u010b\u010b jew online li ser tkun organizzata mill-imsie\u0127ba f&#8217;kull pajji\u017c biex jiffamiljarizzaw ru\u0127om ma&#8217; xulxin. L-imsie\u0127ba mbag\u0127ad jiddeterminaw kif ser ji\u0121u finalment mse\u0127bin l-istudenti skont kriterji li jinkludu sensitivita\u2019 kulturali. L-g\u0127an hu li kull student tal-HEI ji\u0121i msieheb ma\u2019 1 jew 2 studenti <\/span><\/p><p><span style=\"font-weight: 400;\">Matul l-ewwel laqg\u0127a uffi\u010bjali ssir diskussjoni fuq l-g\u0127anijiet, il-\u0127ti\u0121ijiet u l-aspettattivi tal-mentees u jsiru ukoll de\u010bi\u017cjonijiet dwar il-frekwenza tal-laqg\u0127at u t-twaqqif ta&#8217; programm personalizzat. F\u2019din il-fa\u017ci inizjali se jsir sforz biex ji\u0121u involuti kemm jista&#8217; jkun il-membri tal-familja tal-mentees. <\/span><\/p><p><span style=\"font-weight: 400;\">Is-sessjonijiet ta\u2019 Language Buddy se jkunu kkoordinati mal-imsie\u0127ba u l-imsie\u0127ba asso\u010bjati u se jsiru online jew wi\u010b\u010b imb\u2019wi\u010b\u010b skont il-b\u017connijiet tal-mentees, g\u0127al tul ta\u2019 bejn 4 u 6 xhur. <\/span><\/p><p><span style=\"font-weight: 400;\">L-g\u0127anijiet tal-programm pilota se jkunu li:<\/span><\/p><ul><li style=\"font-weight: 400;\" aria-level=\"1\"><span style=\"font-weight: 400;\">Jibnew il-\u0127iliet tal-istudenti tal-Edukazzjoni G\u0127olja tad-dipartimenti tal-pedago\u0121ija\/edukazzjoni\/lingwa\/letteratura dwar metodolo\u0121iji innovative ta\u2019 tag\u0127lim, pedago\u0121ija interkulturali u \u017cvilupp tal-lingwa <\/span><\/li><li style=\"font-weight: 400;\" aria-level=\"1\"><span style=\"font-weight: 400;\">Ji\u0121i mttejjeb l-a\u010b\u010bess ta\u017c-\u017cg\u0127a\u017cag\u0127 immigranti (minn 12 sa 17-il sena) g\u0127al opportunitajiet ta\u2019 tag\u0127lim tal-lingwa b\u2019mod mhux formali\/informali (b\u2019mod li jappo\u0121\u0121a x-xog\u0127ol mag\u0127mul mill-iskejjel) <\/span><\/li><li style=\"font-weight: 400;\" aria-level=\"1\"><span style=\"font-weight: 400;\">Ti\u0127i msa\u0127\u0127a il-kooperazzjoni bejn l-Istituzzjonijiet tal-Edukazzjoni G\u0127olja, l-organizzazzjonijiet immexxija mill-migranti, l-iskejjel, l-NGOs, l-awtoritajiet tal-edukazzjoni lokali\/re\u0121jonali g\u0127all-appo\u0121\u0121 tat-tag\u0127lim tal-lingwa ta\u2019 \u017cg\u0127a\u017cag\u0127 immigranti.<\/span><\/li><\/ul>\t\t\t\t\t\t\t\t<\/div>\n\t\t\t\t<\/div>\n\t\t\t\t<div class=\"elementor-element elementor-element-d34e82d elementor-widget elementor-widget-gallery\" data-id=\"d34e82d\" data-element_type=\"widget\" data-e-type=\"widget\" data-settings=\"{&quot;lazyload&quot;:&quot;yes&quot;,&quot;gallery_layout&quot;:&quot;grid&quot;,&quot;columns&quot;:4,&quot;columns_tablet&quot;:2,&quot;columns_mobile&quot;:1,&quot;gap&quot;:{&quot;unit&quot;:&quot;px&quot;,&quot;size&quot;:10,&quot;sizes&quot;:[]},&quot;gap_tablet&quot;:{&quot;unit&quot;:&quot;px&quot;,&quot;size&quot;:10,&quot;sizes&quot;:[]},&quot;gap_mobile&quot;:{&quot;unit&quot;:&quot;px&quot;,&quot;size&quot;:10,&quot;sizes&quot;:[]},&quot;link_to&quot;:&quot;file&quot;,&quot;aspect_ratio&quot;:&quot;3:2&quot;,&quot;overlay_background&quot;:&quot;yes&quot;,&quot;content_hover_animation&quot;:&quot;fade-in&quot;}\" data-widget_type=\"gallery.default\">\n\t\t\t\t<div class=\"elementor-widget-container\">\n\t\t\t\t\t\t\t<div class=\"elementor-gallery__container\">\n\t\t\t\t\t\t\t<a class=\"e-gallery-item elementor-gallery-item elementor-animated-content\" href=\"https:\/\/www.languagebuddy.eu\/wp-content\/uploads\/2024\/07\/students.jpg\" data-elementor-open-lightbox=\"yes\" data-elementor-lightbox-slideshow=\"d34e82d\" data-elementor-lightbox-title=\"High School Peers in Library\" data-e-action-hash=\"#elementor-action%3Aaction%3Dlightbox%26settings%3DeyJpZCI6ODIsInVybCI6Imh0dHBzOlwvXC93d3cubGFuZ3VhZ2VidWRkeS5ldVwvd3AtY29udGVudFwvdXBsb2Fkc1wvMjAyNFwvMDdcL3N0dWRlbnRzLmpwZyIsInNsaWRlc2hvdyI6ImQzNGU4MmQifQ%3D%3D\">\n\t\t\t\t\t<div class=\"e-gallery-image elementor-gallery-item__image\" data-thumbnail=\"https:\/\/www.languagebuddy.eu\/wp-content\/uploads\/2024\/07\/students-300x200.jpg\" data-width=\"300\" data-height=\"200\" aria-label=\"\" role=\"img\" ><\/div>\n\t\t\t\t\t\t\t\t\t\t\t<div class=\"elementor-gallery-item__overlay\"><\/div>\n\t\t\t\t\t\t\t\t\t\t\t\t\t\t<\/a>\n\t\t\t\t\t\t\t<a class=\"e-gallery-item elementor-gallery-item elementor-animated-content\" href=\"https:\/\/www.languagebuddy.eu\/wp-content\/uploads\/2024\/07\/students1.webp\" data-elementor-open-lightbox=\"yes\" data-elementor-lightbox-slideshow=\"d34e82d\" data-elementor-lightbox-title=\"students1\" data-e-action-hash=\"#elementor-action%3Aaction%3Dlightbox%26settings%3DeyJpZCI6ODQsInVybCI6Imh0dHBzOlwvXC93d3cubGFuZ3VhZ2VidWRkeS5ldVwvd3AtY29udGVudFwvdXBsb2Fkc1wvMjAyNFwvMDdcL3N0dWRlbnRzMS53ZWJwIiwic2xpZGVzaG93IjoiZDM0ZTgyZCJ9\">\n\t\t\t\t\t<div class=\"e-gallery-image elementor-gallery-item__image\" data-thumbnail=\"https:\/\/www.languagebuddy.eu\/wp-content\/uploads\/2024\/07\/students1-300x200.webp\" data-width=\"300\" data-height=\"200\" aria-label=\"\" role=\"img\" ><\/div>\n\t\t\t\t\t\t\t\t\t\t\t<div class=\"elementor-gallery-item__overlay\"><\/div>\n\t\t\t\t\t\t\t\t\t\t\t\t\t\t<\/a>\n\t\t\t\t\t\t\t<a class=\"e-gallery-item elementor-gallery-item elementor-animated-content\" href=\"https:\/\/www.languagebuddy.eu\/wp-content\/uploads\/2024\/07\/students2.jpg\" data-elementor-open-lightbox=\"yes\" data-elementor-lightbox-slideshow=\"d34e82d\" data-elementor-lightbox-title=\"They make really good study buddies\" data-e-action-hash=\"#elementor-action%3Aaction%3Dlightbox%26settings%3DeyJpZCI6ODUsInVybCI6Imh0dHBzOlwvXC93d3cubGFuZ3VhZ2VidWRkeS5ldVwvd3AtY29udGVudFwvdXBsb2Fkc1wvMjAyNFwvMDdcL3N0dWRlbnRzMi5qcGciLCJzbGlkZXNob3ciOiJkMzRlODJkIn0%3D\">\n\t\t\t\t\t<div class=\"e-gallery-image elementor-gallery-item__image\" data-thumbnail=\"https:\/\/www.languagebuddy.eu\/wp-content\/uploads\/2024\/07\/students2-300x200.jpg\" data-width=\"300\" data-height=\"200\" aria-label=\"\" role=\"img\" ><\/div>\n\t\t\t\t\t\t\t\t\t\t\t<div class=\"elementor-gallery-item__overlay\"><\/div>\n\t\t\t\t\t\t\t\t\t\t\t\t\t\t<\/a>\n\t\t\t\t\t\t\t<a class=\"e-gallery-item elementor-gallery-item elementor-animated-content\" href=\"https:\/\/www.languagebuddy.eu\/wp-content\/uploads\/2024\/07\/students3.webp\" data-elementor-open-lightbox=\"yes\" data-elementor-lightbox-slideshow=\"d34e82d\" data-elementor-lightbox-title=\"students3\" data-e-action-hash=\"#elementor-action%3Aaction%3Dlightbox%26settings%3DeyJpZCI6ODYsInVybCI6Imh0dHBzOlwvXC93d3cubGFuZ3VhZ2VidWRkeS5ldVwvd3AtY29udGVudFwvdXBsb2Fkc1wvMjAyNFwvMDdcL3N0dWRlbnRzMy53ZWJwIiwic2xpZGVzaG93IjoiZDM0ZTgyZCJ9\">\n\t\t\t\t\t<div class=\"e-gallery-image elementor-gallery-item__image\" data-thumbnail=\"https:\/\/www.languagebuddy.eu\/wp-content\/uploads\/2024\/07\/students3-300x200.webp\" data-width=\"300\" data-height=\"200\" aria-label=\"\" role=\"img\" ><\/div>\n\t\t\t\t\t\t\t\t\t\t\t<div class=\"elementor-gallery-item__overlay\"><\/div>\n\t\t\t\t\t\t\t\t\t\t\t\t\t\t<\/a>\n\t\t\t\t\t<\/div>\n\t\t\t\t\t<\/div>\n\t\t\t\t<\/div>\n\t\t\t\t\t<\/div>\n\t\t\t\t<\/div>\n\t\t\t\t<\/div>\n\t\t","protected":false},"excerpt":{"rendered":"<p>Azzjonijiet pilota Il-programm se jinvolvi studenti mmigranti fl-iskejjel sekondarji li se ji\u0121u reklutati abba\u017ci ta\u2019 kriterji relatati mal-profil tag\u0127hom (se ting\u0127ata preferenza lil studenti li jitilfu \u0127afna skola u\/jew huma f\u2019riskju g\u0127oli li jitilqu mill-iskola kmieni, studenti b\u2019inqas opportunitajiet, dawk li huma l-mira ta\u2019 diskriminazzjoni, e\u010b\u010b.) u studenti tal- HEI mid-dipartimenti tal-pedago\u0121ija\/edukazzjoni\/lingwa\/letteratura. Mentors (studenti tal-HEI [&hellip;]<\/p>\n","protected":false},"author":2,"featured_media":0,"parent":0,"menu_order":0,"comment_status":"closed","ping_status":"closed","template":"","meta":{"footnotes":""},"class_list":["post-840","page","type-page","status-publish","hentry"],"_links":{"self":[{"href":"https:\/\/www.languagebuddy.eu\/mt\/wp-json\/wp\/v2\/pages\/840","targetHints":{"allow":["GET"]}}],"collection":[{"href":"https:\/\/www.languagebuddy.eu\/mt\/wp-json\/wp\/v2\/pages"}],"about":[{"href":"https:\/\/www.languagebuddy.eu\/mt\/wp-json\/wp\/v2\/types\/page"}],"author":[{"embeddable":true,"href":"https:\/\/www.languagebuddy.eu\/mt\/wp-json\/wp\/v2\/users\/2"}],"replies":[{"embeddable":true,"href":"https:\/\/www.languagebuddy.eu\/mt\/wp-json\/wp\/v2\/comments?post=840"}],"version-history":[{"count":1,"href":"https:\/\/www.languagebuddy.eu\/mt\/wp-json\/wp\/v2\/pages\/840\/revisions"}],"predecessor-version":[{"id":841,"href":"https:\/\/www.languagebuddy.eu\/mt\/wp-json\/wp\/v2\/pages\/840\/revisions\/841"}],"wp:attachment":[{"href":"https:\/\/www.languagebuddy.eu\/mt\/wp-json\/wp\/v2\/media?parent=840"}],"curies":[{"name":"wp","href":"https:\/\/api.w.org\/{rel}","templated":true}]}}