{"id":844,"date":"2024-07-22T19:28:27","date_gmt":"2024-07-22T19:28:27","guid":{"rendered":"https:\/\/www.languagebuddy.eu\/boas-praticas\/"},"modified":"2026-01-09T14:43:21","modified_gmt":"2026-01-09T14:43:21","slug":"boas-praticas","status":"publish","type":"page","link":"https:\/\/www.languagebuddy.eu\/pt-pt\/boas-praticas\/","title":{"rendered":"Boas Pr\u00e0ticas"},"content":{"rendered":"\t\t<div data-elementor-type=\"wp-page\" data-elementor-id=\"844\" class=\"elementor elementor-844 elementor-34\" data-elementor-post-type=\"page\">\n\t\t\t\t<div class=\"elementor-element elementor-element-9ed59c5 e-flex e-con-boxed e-con e-parent\" data-id=\"9ed59c5\" data-element_type=\"container\" data-e-type=\"container\" data-settings=\"{&quot;background_background&quot;:&quot;classic&quot;}\">\n\t\t\t\t\t<div class=\"e-con-inner\">\n\t\t\t\t\t<\/div>\n\t\t\t\t<\/div>\n\t\t<div class=\"elementor-element elementor-element-318a1df e-flex e-con-boxed e-con e-parent\" data-id=\"318a1df\" data-element_type=\"container\" data-e-type=\"container\">\n\t\t\t\t\t<div class=\"e-con-inner\">\n\t\t\t\t<div class=\"elementor-element elementor-element-bec52a8 elementor-widget elementor-widget-heading\" data-id=\"bec52a8\" data-element_type=\"widget\" data-e-type=\"widget\" data-widget_type=\"heading.default\">\n\t\t\t\t<div class=\"elementor-widget-container\">\n\t\t\t\t\t<h2 class=\"elementor-heading-title elementor-size-default\"><span>Boas pr\u00e1ticas na aprendizagem de l\u00ednguas<\/span><\/h2>\t\t\t\t<\/div>\n\t\t\t\t<\/div>\n\t\t\t\t<div class=\"elementor-element elementor-element-8ee6046 elementor-widget-divider--view-line elementor-widget elementor-widget-divider\" data-id=\"8ee6046\" data-element_type=\"widget\" data-e-type=\"widget\" data-widget_type=\"divider.default\">\n\t\t\t\t<div class=\"elementor-widget-container\">\n\t\t\t\t\t\t\t<div class=\"elementor-divider\">\n\t\t\t<span class=\"elementor-divider-separator\">\n\t\t\t\t\t\t<\/span>\n\t\t<\/div>\n\t\t\t\t\t\t<\/div>\n\t\t\t\t<\/div>\n\t\t\t\t<div class=\"elementor-element elementor-element-26d9402 elementor-widget elementor-widget-text-editor\" data-id=\"26d9402\" data-element_type=\"widget\" data-e-type=\"widget\" data-widget_type=\"text-editor.default\">\n\t\t\t\t<div class=\"elementor-widget-container\">\n\t\t\t\t\t\t\t\t\tForam recolhidas quarenta e oito boas pr\u00e1ticas dos oito pa\u00edses parceiros da UE envolvidos no projeto <strong>Language Buddy<\/strong>. Pode aceder a descri\u00e7\u00f5es detalhadas das pr\u00e1ticas selecionadas, que destacam os fatores de sucesso e resultados que sustentam a inclus\u00e3o de estudantes migrantes.\t\t\t\t\t\t\t\t<\/div>\n\t\t\t\t<\/div>\n\t\t\t\t<div class=\"elementor-element elementor-element-ece3f68 elementor-widget elementor-widget-button\" data-id=\"ece3f68\" data-element_type=\"widget\" data-e-type=\"widget\" data-widget_type=\"button.default\">\n\t\t\t\t<div class=\"elementor-widget-container\">\n\t\t\t\t\t\t\t\t\t<div class=\"elementor-button-wrapper\">\n\t\t\t\t\t<a class=\"elementor-button elementor-button-link elementor-size-sm\" href=\"https:\/\/sites.google.com\/symplexis.eu\/l-buddy-repository\/home\">\n\t\t\t\t\t\t<span class=\"elementor-button-content-wrapper\">\n\t\t\t\t\t\t\t\t\t<span class=\"elementor-button-text\">Visite o reposit\u00f3rio<\/span>\n\t\t\t\t\t<\/span>\n\t\t\t\t\t<\/a>\n\t\t\t\t<\/div>\n\t\t\t\t\t\t\t\t<\/div>\n\t\t\t\t<\/div>\n\t\t\t\t\t<\/div>\n\t\t\t\t<\/div>\n\t\t\t\t<\/div>\n\t\t","protected":false},"excerpt":{"rendered":"<p>Boas pr\u00e1ticas na aprendizagem de l\u00ednguas Foram recolhidas quarenta e oito boas pr\u00e1ticas dos oito pa\u00edses parceiros da UE envolvidos no projeto Language Buddy. Pode aceder a descri\u00e7\u00f5es detalhadas das pr\u00e1ticas selecionadas, que destacam os fatores de sucesso e resultados que sustentam a inclus\u00e3o de estudantes migrantes. Visite o reposit\u00f3rio<\/p>\n","protected":false},"author":2,"featured_media":0,"parent":0,"menu_order":0,"comment_status":"closed","ping_status":"closed","template":"","meta":{"footnotes":""},"class_list":["post-844","page","type-page","status-publish","hentry"],"_links":{"self":[{"href":"https:\/\/www.languagebuddy.eu\/pt-pt\/wp-json\/wp\/v2\/pages\/844","targetHints":{"allow":["GET"]}}],"collection":[{"href":"https:\/\/www.languagebuddy.eu\/pt-pt\/wp-json\/wp\/v2\/pages"}],"about":[{"href":"https:\/\/www.languagebuddy.eu\/pt-pt\/wp-json\/wp\/v2\/types\/page"}],"author":[{"embeddable":true,"href":"https:\/\/www.languagebuddy.eu\/pt-pt\/wp-json\/wp\/v2\/users\/2"}],"replies":[{"embeddable":true,"href":"https:\/\/www.languagebuddy.eu\/pt-pt\/wp-json\/wp\/v2\/comments?post=844"}],"version-history":[{"count":3,"href":"https:\/\/www.languagebuddy.eu\/pt-pt\/wp-json\/wp\/v2\/pages\/844\/revisions"}],"predecessor-version":[{"id":1176,"href":"https:\/\/www.languagebuddy.eu\/pt-pt\/wp-json\/wp\/v2\/pages\/844\/revisions\/1176"}],"wp:attachment":[{"href":"https:\/\/www.languagebuddy.eu\/pt-pt\/wp-json\/wp\/v2\/media?parent=844"}],"curies":[{"name":"wp","href":"https:\/\/api.w.org\/{rel}","templated":true}]}}