{"id":848,"date":"2024-07-22T19:28:59","date_gmt":"2024-07-22T19:28:59","guid":{"rendered":"https:\/\/www.languagebuddy.eu\/acoes-piloto\/"},"modified":"2025-06-13T09:54:46","modified_gmt":"2025-06-13T09:54:46","slug":"acoes-piloto","status":"publish","type":"page","link":"https:\/\/www.languagebuddy.eu\/pt-pt\/acoes-piloto\/","title":{"rendered":"A\u00c7\u00d5ES-PILOTO"},"content":{"rendered":"\t\t<div data-elementor-type=\"wp-page\" data-elementor-id=\"848\" class=\"elementor elementor-848 elementor-38\" data-elementor-post-type=\"page\">\n\t\t\t\t<div class=\"elementor-element elementor-element-05e6f71 e-flex e-con-boxed e-con e-parent\" data-id=\"05e6f71\" data-element_type=\"container\" data-e-type=\"container\" data-settings=\"{&quot;background_background&quot;:&quot;classic&quot;}\">\n\t\t\t\t\t<div class=\"e-con-inner\">\n\t\t\t\t\t<\/div>\n\t\t\t\t<\/div>\n\t\t<div class=\"elementor-element elementor-element-cb4af44 e-flex e-con-boxed e-con e-parent\" data-id=\"cb4af44\" data-element_type=\"container\" data-e-type=\"container\">\n\t\t\t\t\t<div class=\"e-con-inner\">\n\t\t\t\t<div class=\"elementor-element elementor-element-9e1ee79 elementor-widget elementor-widget-heading\" data-id=\"9e1ee79\" data-element_type=\"widget\" data-e-type=\"widget\" data-widget_type=\"heading.default\">\n\t\t\t\t<div class=\"elementor-widget-container\">\n\t\t\t\t\t<h2 class=\"elementor-heading-title elementor-size-default\">A\u00c7\u00d5ES-PILOTO<\/h2>\t\t\t\t<\/div>\n\t\t\t\t<\/div>\n\t\t\t\t<div class=\"elementor-element elementor-element-8640aba elementor-widget-divider--view-line elementor-widget elementor-widget-divider\" data-id=\"8640aba\" data-element_type=\"widget\" data-e-type=\"widget\" data-widget_type=\"divider.default\">\n\t\t\t\t<div class=\"elementor-widget-container\">\n\t\t\t\t\t\t\t<div class=\"elementor-divider\">\n\t\t\t<span class=\"elementor-divider-separator\">\n\t\t\t\t\t\t<\/span>\n\t\t<\/div>\n\t\t\t\t\t\t<\/div>\n\t\t\t\t<\/div>\n\t\t\t\t<div class=\"elementor-element elementor-element-f196a9d elementor-widget elementor-widget-text-editor\" data-id=\"f196a9d\" data-element_type=\"widget\" data-e-type=\"widget\" data-widget_type=\"text-editor.default\">\n\t\t\t\t<div class=\"elementor-widget-container\">\n\t\t\t\t\t\t\t\t\t<p><span style=\"font-weight: 400;\">O programa contar\u00e1 com alunos do ensino secund\u00e1rio com origens migrantes, que ser\u00e3o recrutados com base em crit\u00e9rios relacionados com o seu perfil (ser\u00e1 dada prefer\u00eancia a alunos com faltas escolares e\/ou elevado risco de abandono escolar, alunos com menos oportunidades, aqueles que enfrentam m\u00faltiplas formas de discrimina\u00e7\u00e3o, entre outros) e estudantes do ensino superior, formados nos departamentos de pedagogia\/educa\u00e7\u00e3o\/l\u00ednguas\/literatura.<\/span><\/p><p><span style=\"font-weight: 400;\">Mentores (estudantes do ensino superior com forma\u00e7\u00e3o) e mentorandos (alunos do ensino secund\u00e1rio) ser\u00e3o pr\u00e9-selecionados em cada pa\u00eds parceiro durante uma sess\u00e3o inicial presencial ou online em grupo, organizada pelos parceiros locais, para realizar atividades de &#8220;icebreaking&#8221; e promover o conhecimento m\u00fatuo. Os parceiros determinar\u00e3o ent\u00e3o as correspond\u00eancias finais de acordo com crit\u00e9rios culturalmente sens\u00edveis, o que resultar\u00e1 em cada estudante do ensino superior acompanhar 1 ou 2 alunos do ensino secund\u00e1rio. <\/span><\/p><p><span style=\"font-weight: 400;\">Durante a primeira reuni\u00e3o oficial, os objetivos, necessidades e expectativas dos mentorandos ser\u00e3o expressos de forma colaborativa, assim como ser\u00e3o tomadas decis\u00f5es sobre a frequ\u00eancia dos encontros e a defini\u00e7\u00e3o de um programa personalizado. Esta fase inicial procurar\u00e1 envolver, tanto quanto poss\u00edvel, os familiares dos mentorandos. <\/span><\/p><p><span style=\"font-weight: 400;\">As sess\u00f5es do Language Buddy ser\u00e3o coordenadas com os parceiros e associados e decorrer\u00e3o online ou presencialmente, consoante as necessidades dos mentorandos, com uma dura\u00e7\u00e3o de 4 a 6 meses. <\/span><\/p><p><span style=\"font-weight: 400;\">Os objetivos do programa-piloto s\u00e3o:<\/span><\/p><ul><li style=\"font-weight: 400;\" aria-level=\"1\"><span style=\"font-weight: 400;\">Desenvolver as compet\u00eancias dos estudantes de Ensino Superior, dos departamentos de pedagogia\/educa\u00e7\u00e3o\/l\u00edngua\/literatura, em metodologias de aprendizagem inovadoras, pedagogia intercultural e desenvolvimento da linguagem <\/span><\/li><li style=\"font-weight: 400;\" aria-level=\"1\"><span style=\"font-weight: 400;\">Melhorar o acesso de jovens com antecedentes migrat\u00f3rios (dos 12 aos 17 anos) a oportunidades de aprendizagem de l\u00ednguas n\u00e3o formal\/informal (complementando o trabalho realizado pelas escolas); <\/span><\/li><li style=\"font-weight: 400;\" aria-level=\"1\"><span style=\"font-weight: 400;\">Refor\u00e7ar a coopera\u00e7\u00e3o entre institui\u00e7\u00f5es de ensino superior, organiza\u00e7\u00f5es lideradas por migrantes, escolas, ONGs e autoridades educativas locais\/regionais no apoio \u00e0 aprendizagem de l\u00ednguas por jovens migrantes.<\/span><\/li><\/ul>\t\t\t\t\t\t\t\t<\/div>\n\t\t\t\t<\/div>\n\t\t\t\t<div class=\"elementor-element elementor-element-d34e82d elementor-widget elementor-widget-gallery\" data-id=\"d34e82d\" data-element_type=\"widget\" data-e-type=\"widget\" data-settings=\"{&quot;lazyload&quot;:&quot;yes&quot;,&quot;gallery_layout&quot;:&quot;grid&quot;,&quot;columns&quot;:4,&quot;columns_tablet&quot;:2,&quot;columns_mobile&quot;:1,&quot;gap&quot;:{&quot;unit&quot;:&quot;px&quot;,&quot;size&quot;:10,&quot;sizes&quot;:[]},&quot;gap_tablet&quot;:{&quot;unit&quot;:&quot;px&quot;,&quot;size&quot;:10,&quot;sizes&quot;:[]},&quot;gap_mobile&quot;:{&quot;unit&quot;:&quot;px&quot;,&quot;size&quot;:10,&quot;sizes&quot;:[]},&quot;link_to&quot;:&quot;file&quot;,&quot;aspect_ratio&quot;:&quot;3:2&quot;,&quot;overlay_background&quot;:&quot;yes&quot;,&quot;content_hover_animation&quot;:&quot;fade-in&quot;}\" data-widget_type=\"gallery.default\">\n\t\t\t\t<div class=\"elementor-widget-container\">\n\t\t\t\t\t\t\t<div class=\"elementor-gallery__container\">\n\t\t\t\t\t\t\t<a class=\"e-gallery-item elementor-gallery-item elementor-animated-content\" href=\"https:\/\/www.languagebuddy.eu\/wp-content\/uploads\/2024\/07\/students.jpg\" data-elementor-open-lightbox=\"yes\" data-elementor-lightbox-slideshow=\"d34e82d\" data-elementor-lightbox-title=\"High School Peers in Library\" data-e-action-hash=\"#elementor-action%3Aaction%3Dlightbox%26settings%3DeyJpZCI6ODIsInVybCI6Imh0dHBzOlwvXC93d3cubGFuZ3VhZ2VidWRkeS5ldVwvd3AtY29udGVudFwvdXBsb2Fkc1wvMjAyNFwvMDdcL3N0dWRlbnRzLmpwZyIsInNsaWRlc2hvdyI6ImQzNGU4MmQifQ%3D%3D\">\n\t\t\t\t\t<div class=\"e-gallery-image elementor-gallery-item__image\" data-thumbnail=\"https:\/\/www.languagebuddy.eu\/wp-content\/uploads\/2024\/07\/students-300x200.jpg\" data-width=\"300\" data-height=\"200\" aria-label=\"\" role=\"img\" ><\/div>\n\t\t\t\t\t\t\t\t\t\t\t<div class=\"elementor-gallery-item__overlay\"><\/div>\n\t\t\t\t\t\t\t\t\t\t\t\t\t\t<\/a>\n\t\t\t\t\t\t\t<a class=\"e-gallery-item elementor-gallery-item elementor-animated-content\" href=\"https:\/\/www.languagebuddy.eu\/wp-content\/uploads\/2024\/07\/students1.webp\" data-elementor-open-lightbox=\"yes\" data-elementor-lightbox-slideshow=\"d34e82d\" data-elementor-lightbox-title=\"students1\" data-e-action-hash=\"#elementor-action%3Aaction%3Dlightbox%26settings%3DeyJpZCI6ODQsInVybCI6Imh0dHBzOlwvXC93d3cubGFuZ3VhZ2VidWRkeS5ldVwvd3AtY29udGVudFwvdXBsb2Fkc1wvMjAyNFwvMDdcL3N0dWRlbnRzMS53ZWJwIiwic2xpZGVzaG93IjoiZDM0ZTgyZCJ9\">\n\t\t\t\t\t<div class=\"e-gallery-image elementor-gallery-item__image\" data-thumbnail=\"https:\/\/www.languagebuddy.eu\/wp-content\/uploads\/2024\/07\/students1-300x200.webp\" data-width=\"300\" data-height=\"200\" aria-label=\"\" role=\"img\" ><\/div>\n\t\t\t\t\t\t\t\t\t\t\t<div class=\"elementor-gallery-item__overlay\"><\/div>\n\t\t\t\t\t\t\t\t\t\t\t\t\t\t<\/a>\n\t\t\t\t\t\t\t<a class=\"e-gallery-item elementor-gallery-item elementor-animated-content\" href=\"https:\/\/www.languagebuddy.eu\/wp-content\/uploads\/2024\/07\/students2.jpg\" data-elementor-open-lightbox=\"yes\" data-elementor-lightbox-slideshow=\"d34e82d\" data-elementor-lightbox-title=\"They make really good study buddies\" data-e-action-hash=\"#elementor-action%3Aaction%3Dlightbox%26settings%3DeyJpZCI6ODUsInVybCI6Imh0dHBzOlwvXC93d3cubGFuZ3VhZ2VidWRkeS5ldVwvd3AtY29udGVudFwvdXBsb2Fkc1wvMjAyNFwvMDdcL3N0dWRlbnRzMi5qcGciLCJzbGlkZXNob3ciOiJkMzRlODJkIn0%3D\">\n\t\t\t\t\t<div class=\"e-gallery-image elementor-gallery-item__image\" data-thumbnail=\"https:\/\/www.languagebuddy.eu\/wp-content\/uploads\/2024\/07\/students2-300x200.jpg\" data-width=\"300\" data-height=\"200\" aria-label=\"\" role=\"img\" ><\/div>\n\t\t\t\t\t\t\t\t\t\t\t<div class=\"elementor-gallery-item__overlay\"><\/div>\n\t\t\t\t\t\t\t\t\t\t\t\t\t\t<\/a>\n\t\t\t\t\t\t\t<a class=\"e-gallery-item elementor-gallery-item elementor-animated-content\" href=\"https:\/\/www.languagebuddy.eu\/wp-content\/uploads\/2024\/07\/students3.webp\" data-elementor-open-lightbox=\"yes\" data-elementor-lightbox-slideshow=\"d34e82d\" data-elementor-lightbox-title=\"students3\" data-e-action-hash=\"#elementor-action%3Aaction%3Dlightbox%26settings%3DeyJpZCI6ODYsInVybCI6Imh0dHBzOlwvXC93d3cubGFuZ3VhZ2VidWRkeS5ldVwvd3AtY29udGVudFwvdXBsb2Fkc1wvMjAyNFwvMDdcL3N0dWRlbnRzMy53ZWJwIiwic2xpZGVzaG93IjoiZDM0ZTgyZCJ9\">\n\t\t\t\t\t<div class=\"e-gallery-image elementor-gallery-item__image\" data-thumbnail=\"https:\/\/www.languagebuddy.eu\/wp-content\/uploads\/2024\/07\/students3-300x200.webp\" data-width=\"300\" data-height=\"200\" aria-label=\"\" role=\"img\" ><\/div>\n\t\t\t\t\t\t\t\t\t\t\t<div class=\"elementor-gallery-item__overlay\"><\/div>\n\t\t\t\t\t\t\t\t\t\t\t\t\t\t<\/a>\n\t\t\t\t\t<\/div>\n\t\t\t\t\t<\/div>\n\t\t\t\t<\/div>\n\t\t\t\t\t<\/div>\n\t\t\t\t<\/div>\n\t\t\t\t<\/div>\n\t\t","protected":false},"excerpt":{"rendered":"<p>A\u00c7\u00d5ES-PILOTO O programa contar\u00e1 com alunos do ensino secund\u00e1rio com origens migrantes, que ser\u00e3o recrutados com base em crit\u00e9rios relacionados com o seu perfil (ser\u00e1 dada prefer\u00eancia a alunos com faltas escolares e\/ou elevado risco de abandono escolar, alunos com menos oportunidades, aqueles que enfrentam m\u00faltiplas formas de discrimina\u00e7\u00e3o, entre outros) e estudantes do ensino [&hellip;]<\/p>\n","protected":false},"author":2,"featured_media":0,"parent":0,"menu_order":0,"comment_status":"closed","ping_status":"closed","template":"","meta":{"footnotes":""},"class_list":["post-848","page","type-page","status-publish","hentry"],"_links":{"self":[{"href":"https:\/\/www.languagebuddy.eu\/pt-pt\/wp-json\/wp\/v2\/pages\/848","targetHints":{"allow":["GET"]}}],"collection":[{"href":"https:\/\/www.languagebuddy.eu\/pt-pt\/wp-json\/wp\/v2\/pages"}],"about":[{"href":"https:\/\/www.languagebuddy.eu\/pt-pt\/wp-json\/wp\/v2\/types\/page"}],"author":[{"embeddable":true,"href":"https:\/\/www.languagebuddy.eu\/pt-pt\/wp-json\/wp\/v2\/users\/2"}],"replies":[{"embeddable":true,"href":"https:\/\/www.languagebuddy.eu\/pt-pt\/wp-json\/wp\/v2\/comments?post=848"}],"version-history":[{"count":3,"href":"https:\/\/www.languagebuddy.eu\/pt-pt\/wp-json\/wp\/v2\/pages\/848\/revisions"}],"predecessor-version":[{"id":1065,"href":"https:\/\/www.languagebuddy.eu\/pt-pt\/wp-json\/wp\/v2\/pages\/848\/revisions\/1065"}],"wp:attachment":[{"href":"https:\/\/www.languagebuddy.eu\/pt-pt\/wp-json\/wp\/v2\/media?parent=848"}],"curies":[{"name":"wp","href":"https:\/\/api.w.org\/{rel}","templated":true}]}}