{"id":852,"date":"2024-07-22T19:28:37","date_gmt":"2024-07-22T19:28:37","guid":{"rendered":"https:\/\/www.languagebuddy.eu\/modulos-de-formacao\/"},"modified":"2025-06-13T09:49:53","modified_gmt":"2025-06-13T09:49:53","slug":"modulos-de-formacao","status":"publish","type":"page","link":"https:\/\/www.languagebuddy.eu\/pt-pt\/modulos-de-formacao\/","title":{"rendered":"M\u00d3DULOS DE FORMA\u00c7\u00c3O"},"content":{"rendered":"\t\t<div data-elementor-type=\"wp-page\" data-elementor-id=\"852\" class=\"elementor elementor-852 elementor-36\" data-elementor-post-type=\"page\">\n\t\t\t\t<div class=\"elementor-element elementor-element-fd44416 e-flex e-con-boxed e-con e-parent\" data-id=\"fd44416\" data-element_type=\"container\" data-e-type=\"container\" data-settings=\"{&quot;background_background&quot;:&quot;classic&quot;}\">\n\t\t\t\t\t<div class=\"e-con-inner\">\n\t\t\t\t\t<\/div>\n\t\t\t\t<\/div>\n\t\t<div class=\"elementor-element elementor-element-e1755fc e-flex e-con-boxed e-con e-parent\" data-id=\"e1755fc\" data-element_type=\"container\" data-e-type=\"container\">\n\t\t\t\t\t<div class=\"e-con-inner\">\n\t\t\t\t<div class=\"elementor-element elementor-element-2c6f086 elementor-widget elementor-widget-heading\" data-id=\"2c6f086\" data-element_type=\"widget\" data-e-type=\"widget\" data-widget_type=\"heading.default\">\n\t\t\t\t<div class=\"elementor-widget-container\">\n\t\t\t\t\t<h2 class=\"elementor-heading-title elementor-size-default\">M\u00d3DULOS DE FORMA\u00c7\u00c3O<\/h2>\t\t\t\t<\/div>\n\t\t\t\t<\/div>\n\t\t\t\t<div class=\"elementor-element elementor-element-d8809e2 elementor-widget-divider--view-line elementor-widget elementor-widget-divider\" data-id=\"d8809e2\" data-element_type=\"widget\" data-e-type=\"widget\" data-widget_type=\"divider.default\">\n\t\t\t\t<div class=\"elementor-widget-container\">\n\t\t\t\t\t\t\t<div class=\"elementor-divider\">\n\t\t\t<span class=\"elementor-divider-separator\">\n\t\t\t\t\t\t<\/span>\n\t\t<\/div>\n\t\t\t\t\t\t<\/div>\n\t\t\t\t<\/div>\n\t\t\t\t<div class=\"elementor-element elementor-element-049865e elementor-widget elementor-widget-text-editor\" data-id=\"049865e\" data-element_type=\"widget\" data-e-type=\"widget\" data-widget_type=\"text-editor.default\">\n\t\t\t\t<div class=\"elementor-widget-container\">\n\t\t\t\t\t\t\t\t\t<p><span style=\"font-weight: 400;\">Com base nas orienta\u00e7\u00f5es estabelecidas nas Boas Pr\u00e1ticas, os parceiros do projeto, os grupos-alvo e as partes interessadas relevantes ir\u00e3o desenvolver o Modelo amigos da l\u00edngua. Este ser\u00e1 elaborado em colabora\u00e7\u00e3o com profissionais de educa\u00e7\u00e3o que trabalham com alunos do ensino secund\u00e1rio com percurso migrat\u00f3rio, alunos rec\u00e9m-formados do ensino secund\u00e1rio com percurso migrat\u00f3rio, estudantes de Institui\u00e7\u00f5es de Ensino Superior (IES) e professores das \u00e1reas de pedagogia\/educa\u00e7\u00e3o\/l\u00ednguas\/literatura, representantes de OSCs que trabalham com jovens com percurso migrat\u00f3rio, bem como parceiros do projeto em cada pa\u00eds implementador. <\/span><\/p><p><span style=\"font-weight: 400;\">O modelo ir\u00e1 centrar-se na implementa\u00e7\u00e3o de uma iniciativa de sistema de buddies orientada para a aprendizagem de l\u00ednguas, assente na aprendizagem informal e n\u00e3o formal, envolvendo estudantes do ensino superior como mentores e alunos do ensino secund\u00e1rio com origem migrante como mentorados, sendo concebido para apoiar cursos presenciais e online. <\/span><\/p><p><span style=\"font-weight: 400;\">Os mentores das IES participar\u00e3o em workshops de forma\u00e7\u00e3o presenciais e\/ou online que abordar\u00e3o t\u00f3picos como: <\/span><\/p><ul><li style=\"font-weight: 400;\" aria-level=\"1\"><span style=\"font-weight: 400;\">Compreens\u00e3o e di\u00e1logo intercultural na educa\u00e7\u00e3o; <\/span><\/li><li style=\"font-weight: 400;\" aria-level=\"1\"><span style=\"font-weight: 400;\">Princ\u00edpios da Pedagogia Cr\u00edtica e Social;<\/span><\/li><li style=\"font-weight: 400;\" aria-level=\"1\"><span style=\"font-weight: 400;\">O papel da fam\u00edlia na aprendizagem de l\u00ednguas e na supera\u00e7\u00e3o de barreiras atrav\u00e9s de m\u00e9todos n\u00e3o formais\/informais para alunos com percurso de refugiado\/migrante; <\/span><\/li><li style=\"font-weight: 400;\" aria-level=\"1\"><span style=\"font-weight: 400;\">Ferramentas digitais para a aprendizagem eficaz das l\u00ednguas;<\/span><\/li><li style=\"font-weight: 400;\" aria-level=\"1\">A <span style=\"font-weight: 400;\">arte <\/span>c<span style=\"font-weight: 400;\">omo ferramenta para o di\u00e1logo intercultural e a aprendizagem das l\u00ednguas;<\/span><\/li><li style=\"font-weight: 400;\" aria-level=\"1\"><span style=\"font-weight: 400;\">Observa\u00e7\u00e3o, documenta\u00e7\u00e3o, reflex\u00e3o e (auto)avalia\u00e7\u00e3o; <\/span><\/li><li style=\"font-weight: 400;\" aria-level=\"1\"><span style=\"font-weight: 400;\">Sistema Language Buddy;<\/span><\/li><li style=\"font-weight: 400;\" aria-level=\"1\"><span style=\"font-weight: 400;\">Como organizar uma sess\u00e3o de Language Buddy com a utiliza\u00e7\u00e3o da plataforma eletr\u00f3nica Language Buddy.<\/span><\/li><\/ul><p> <\/p><p><span style=\"font-weight: 400;\">Os objetivos da forma\u00e7\u00e3o s\u00e3o:<\/span><\/p><ul><li style=\"font-weight: 400;\" aria-level=\"1\"><span style=\"font-weight: 400;\">Implementar sistemas de mentoria\/buddies de elevado n\u00edvel, com um componente de aprendizagem de l\u00ednguas para jovens com antecedentes migrat\u00f3rios (dos 12 aos 17 anos);<\/span><\/li><li style=\"font-weight: 400;\" aria-level=\"1\"><span style=\"font-weight: 400;\">Desenvolver as compet\u00eancias dos estudantes do ensino superior dos departamentos de pedagogia\/educa\u00e7\u00e3o\/l\u00ednguas\/literatura em metodologias de aprendizagem inovadoras, pedagogia intercultural e desenvolvimento lingu\u00edstico.<\/span><\/li><\/ul>\t\t\t\t\t\t\t\t<\/div>\n\t\t\t\t<\/div>\n\t\t\t\t\t<\/div>\n\t\t\t\t<\/div>\n\t\t\t\t<\/div>\n\t\t","protected":false},"excerpt":{"rendered":"<p>M\u00d3DULOS DE FORMA\u00c7\u00c3O Com base nas orienta\u00e7\u00f5es estabelecidas nas Boas Pr\u00e1ticas, os parceiros do projeto, os grupos-alvo e as partes interessadas relevantes ir\u00e3o desenvolver o Modelo amigos da l\u00edngua. Este ser\u00e1 elaborado em colabora\u00e7\u00e3o com profissionais de educa\u00e7\u00e3o que trabalham com alunos do ensino secund\u00e1rio com percurso migrat\u00f3rio, alunos rec\u00e9m-formados do ensino secund\u00e1rio com percurso [&hellip;]<\/p>\n","protected":false},"author":2,"featured_media":0,"parent":0,"menu_order":0,"comment_status":"closed","ping_status":"closed","template":"","meta":{"footnotes":""},"class_list":["post-852","page","type-page","status-publish","hentry"],"_links":{"self":[{"href":"https:\/\/www.languagebuddy.eu\/pt-pt\/wp-json\/wp\/v2\/pages\/852","targetHints":{"allow":["GET"]}}],"collection":[{"href":"https:\/\/www.languagebuddy.eu\/pt-pt\/wp-json\/wp\/v2\/pages"}],"about":[{"href":"https:\/\/www.languagebuddy.eu\/pt-pt\/wp-json\/wp\/v2\/types\/page"}],"author":[{"embeddable":true,"href":"https:\/\/www.languagebuddy.eu\/pt-pt\/wp-json\/wp\/v2\/users\/2"}],"replies":[{"embeddable":true,"href":"https:\/\/www.languagebuddy.eu\/pt-pt\/wp-json\/wp\/v2\/comments?post=852"}],"version-history":[{"count":3,"href":"https:\/\/www.languagebuddy.eu\/pt-pt\/wp-json\/wp\/v2\/pages\/852\/revisions"}],"predecessor-version":[{"id":1063,"href":"https:\/\/www.languagebuddy.eu\/pt-pt\/wp-json\/wp\/v2\/pages\/852\/revisions\/1063"}],"wp:attachment":[{"href":"https:\/\/www.languagebuddy.eu\/pt-pt\/wp-json\/wp\/v2\/media?parent=852"}],"curies":[{"name":"wp","href":"https:\/\/api.w.org\/{rel}","templated":true}]}}