{"id":988,"date":"2024-07-22T19:30:47","date_gmt":"2024-07-22T19:30:47","guid":{"rendered":"https:\/\/www.languagebuddy.eu\/sobre-nos\/"},"modified":"2026-01-09T14:44:08","modified_gmt":"2026-01-09T14:44:08","slug":"sobre-nos","status":"publish","type":"page","link":"https:\/\/www.languagebuddy.eu\/pt-pt\/sobre-nos\/","title":{"rendered":"Sobre n\u00f2s"},"content":{"rendered":"\t\t<div data-elementor-type=\"wp-page\" data-elementor-id=\"988\" class=\"elementor elementor-988 elementor-47\" data-elementor-post-type=\"page\">\n\t\t\t\t<div class=\"elementor-element elementor-element-1306e0e e-flex e-con-boxed e-con e-parent\" data-id=\"1306e0e\" data-element_type=\"container\" data-e-type=\"container\" data-settings=\"{&quot;background_background&quot;:&quot;classic&quot;}\">\n\t\t\t\t\t<div class=\"e-con-inner\">\n\t\t\t\t\t<\/div>\n\t\t\t\t<\/div>\n\t\t<div class=\"elementor-element elementor-element-baa7baf e-flex e-con-boxed e-con e-parent\" data-id=\"baa7baf\" data-element_type=\"container\" data-e-type=\"container\">\n\t\t\t\t\t<div class=\"e-con-inner\">\n\t\t\t\t<div class=\"elementor-element elementor-element-001d3cd elementor-widget elementor-widget-heading\" data-id=\"001d3cd\" data-element_type=\"widget\" data-e-type=\"widget\" data-widget_type=\"heading.default\">\n\t\t\t\t<div class=\"elementor-widget-container\">\n\t\t\t\t\t<h2 class=\"elementor-heading-title elementor-size-default\">Objetivos e resultados esperados<\/h2>\t\t\t\t<\/div>\n\t\t\t\t<\/div>\n\t\t\t\t<div class=\"elementor-element elementor-element-102460d elementor-widget-divider--view-line elementor-widget elementor-widget-divider\" data-id=\"102460d\" data-element_type=\"widget\" data-e-type=\"widget\" data-widget_type=\"divider.default\">\n\t\t\t\t<div class=\"elementor-widget-container\">\n\t\t\t\t\t\t\t<div class=\"elementor-divider\">\n\t\t\t<span class=\"elementor-divider-separator\">\n\t\t\t\t\t\t<\/span>\n\t\t<\/div>\n\t\t\t\t\t\t<\/div>\n\t\t\t\t<\/div>\n\t\t\t\t<div class=\"elementor-element elementor-element-01e95bb elementor-widget elementor-widget-text-editor\" data-id=\"01e95bb\" data-element_type=\"widget\" data-e-type=\"widget\" data-widget_type=\"text-editor.default\">\n\t\t\t\t<div class=\"elementor-widget-container\">\n\t\t\t\t\t\t\t\t\t<p><span style=\"font-weight: 400;\">O Language Buddy tem como objetivo melhorar a aprendizagem de l\u00ednguas de alunos (de 12 a 17 anos) com hist\u00f3rico de refugiados\/migrantes promovendo aprendizagens n\u00e3o formais e informais atrav\u00e9s da implementa\u00e7\u00e3o de pr\u00e1ticas de mentoria e implementa\u00e7\u00e3o de um sistema de mentorias. Coordenado por Institui\u00e7\u00f5es de Ensino Superior (IES), escolas\/autoridades educacionais, organiza\u00e7\u00f5es n\u00e3o governamentais (ONGs) e organiza\u00e7\u00f5es lideradas por migrantes, o sistema de buddy ligar\u00e1 os alunos de IES (departamentos de pedagogia\/educa\u00e7\u00e3o\/l\u00edngua\/literatura) que ser\u00e3o apoiados para atuar como mentores de idiomas no \u00e2mbito de programas volunt\u00e1rios e\/ou coloca\u00e7\u00f5es dentro da estrutura nos seus estudos. <\/span><\/p><p><strong>Objetivos:<\/strong><\/p><ul><li style=\"font-weight: 400;\" aria-level=\"1\"><span style=\"font-weight: 400;\">Sistemas de mentoria\/colabora\u00e7\u00e3o de alto n\u00edvel com um componente de aprendizagem de l\u00ednguas para jovens migrantes (12 a 17 anos).<\/span><\/li><li style=\"font-weight: 400;\" aria-level=\"1\"><span style=\"font-weight: 400;\">Desenvolver as compet\u00eancias de estudantes do Ensino Superior dos departamentos de pedagogia\/educa\u00e7\u00e3o\/l\u00edngua\/literatura em metodologias de aprendizagem inovadoras, pedagogia intercultural e desenvolvimento lingu\u00edstico.<\/span><\/li><li style=\"font-weight: 400;\" aria-level=\"1\"><span style=\"font-weight: 400;\">Melhorar o acesso de jovens migrantes (12 a 17 anos) a oportunidades de aprendizagem de l\u00ednguas n\u00e3o formais\/informais (apoiando o trabalho realizado pelas escolas).<\/span><\/li><li style=\"font-weight: 400;\" aria-level=\"1\"><span style=\"font-weight: 400;\">Melhorar a coopera\u00e7\u00e3o entre institui\u00e7\u00f5es de ensino superior, organiza\u00e7\u00f5es lideradas por migrantes, escolas, ONGs e autoridades educacionais locais\/regionais para apoiar a aprendizagem de l\u00ednguas por jovens migrantes.<\/span><\/li><\/ul><p><strong><br>Resultados esperados:<\/strong><\/p><ul><li style=\"font-weight: 400;\" aria-level=\"1\"><span style=\"font-weight: 400;\">Desenvolvimento de compet\u00eancias de pelo menos 365 alunos de institui\u00e7\u00f5es de ensino superior dos departamentos de pedagogia\/educa\u00e7\u00e3o\/literatura que ser\u00e3o formados no Modelo Language Buddy e participar\u00e3o como mentores nos projetos-piloto; <\/span><\/li><li style=\"font-weight: 400;\" aria-level=\"1\"><span style=\"font-weight: 400;\">Capacita\u00e7\u00e3o, e melhoria das compet\u00eancias lingu\u00edsticas e aptid\u00f5es de pelo menos 365 alunos do ensino secund\u00e1rio de origem migrante, que participar\u00e3o nos projetos-piloto como mentorados; <\/span><\/li><li style=\"font-weight: 400;\" aria-level=\"1\"><span style=\"font-weight: 400;\">Fortalecimento de parcerias e coopera\u00e7\u00e3o entre institui\u00e7\u00f5es de ensino superior, organiza\u00e7\u00f5es lideradas por migrantes, escolas, ONGs e autoridades educacionais locais\/regionais por meio de atividades conjuntas e eventos relevantes;<\/span><\/li><li style=\"font-weight: 400;\" aria-level=\"1\"><span style=\"font-weight: 400;\">Maior conhecimento e sensibiliza\u00e7\u00e3o nas redes de IES participantes sobre os benef\u00edcios do Modelo de Language Buddy; <\/span><\/li><li style=\"font-weight: 400;\" aria-level=\"1\"><span style=\"font-weight: 400;\">Aumento da conscientiza\u00e7\u00e3o das autoridades locais e nacionais, e das comunidades locais\/p\u00fablico em geral sobre a import\u00e2ncia da comunica\u00e7\u00e3o intercultural e da solidariedade;<\/span><\/li><li style=\"font-weight: 400;\" aria-level=\"1\"><span style=\"font-weight: 400;\">Promo\u00e7\u00e3o de abordagens digitais inovadoras e centradas no aluno para a aprendizagem de l\u00ednguas por migrantes.<\/span><\/li><li style=\"font-weight: 400;\" aria-level=\"1\"><span style=\"font-weight: 400;\">Incorpora\u00e7\u00e3o do modelo Language Buddy nos departamentos de pedagogia\/educa\u00e7\u00e3o\/literatura das institui\u00e7\u00f5es de ensino superior e outras disciplinas em todos os pa\u00edses da UE;<\/span><\/li><li style=\"font-weight: 400;\" aria-level=\"1\"><span style=\"font-weight: 400;\">Moderniza\u00e7\u00e3o das IES europeias;<\/span><\/li><li style=\"font-weight: 400;\" aria-level=\"1\"><span style=\"font-weight: 400;\">Redu\u00e7\u00e3o do absente\u00edsmo e menor taxa de abandono escolar precoce entre crian\u00e7as e jovens com antecedentes de refugiados\/migrantes, maior senso de pertencimento, engajamento c\u00edvico e melhoria do desempenho acad\u00eamico;<\/span><\/li><li style=\"font-weight: 400;\" aria-level=\"1\"><span style=\"font-weight: 400;\">Cria\u00e7\u00e3o de rela\u00e7\u00f5es significativas e duradouras e la\u00e7os sociais entre estudantes de institui\u00e7\u00f5es de ensino superior e alunos do ensino secund\u00e1rio;<\/span><\/li><li style=\"font-weight: 400;\" aria-level=\"1\"><span style=\"font-weight: 400;\">Estabelecimento de redes locais e internacionais de organiza\u00e7\u00f5es que cooperar\u00e3o para a inclus\u00e3o de crian\u00e7as e jovens com origem migrante al\u00e9m do ciclo de vida do projeto;<\/span><\/li><li style=\"font-weight: 400;\" aria-level=\"1\"><span style=\"font-weight: 400;\">Promo\u00e7\u00e3o da inclus\u00e3o social de fam\u00edlias migrantes;<\/span><\/li><li style=\"font-weight: 400;\" aria-level=\"1\"><span style=\"font-weight: 400;\">Combate a narrativas xen\u00f3fobas e desconstru\u00e7\u00e3o de estere\u00f3tipos.<\/span><\/li><li style=\"font-weight: 400;\" aria-level=\"1\"><span style=\"font-weight: 400;\">O Language Buddy abre novos caminhos num aspeto fundamental para o avan\u00e7o de sociedades mais coesas e inclusivas: a aprendizagem de l\u00ednguas oficiais por crian\u00e7as e adolescentes migrantes que chegaram recentemente aos territ\u00f3rios da UE.<\/span><\/li><\/ul>\t\t\t\t\t\t\t\t<\/div>\n\t\t\t\t<\/div>\n\t\t\t\t<div class=\"elementor-element elementor-element-f177c8e elementor-widget elementor-widget-heading\" data-id=\"f177c8e\" data-element_type=\"widget\" data-e-type=\"widget\" data-widget_type=\"heading.default\">\n\t\t\t\t<div class=\"elementor-widget-container\">\n\t\t\t\t\t<h2 class=\"elementor-heading-title elementor-size-default\">Atividades<\/h2>\t\t\t\t<\/div>\n\t\t\t\t<\/div>\n\t\t\t\t<div class=\"elementor-element elementor-element-dd4c2ac elementor-widget-divider--view-line elementor-widget elementor-widget-divider\" data-id=\"dd4c2ac\" data-element_type=\"widget\" data-e-type=\"widget\" data-widget_type=\"divider.default\">\n\t\t\t\t<div class=\"elementor-widget-container\">\n\t\t\t\t\t\t\t<div class=\"elementor-divider\">\n\t\t\t<span class=\"elementor-divider-separator\">\n\t\t\t\t\t\t<\/span>\n\t\t<\/div>\n\t\t\t\t\t\t<\/div>\n\t\t\t\t<\/div>\n\t\t\t\t<div class=\"elementor-element elementor-element-845c1a8 elementor-widget elementor-widget-text-editor\" data-id=\"845c1a8\" data-element_type=\"widget\" data-e-type=\"widget\" data-widget_type=\"text-editor.default\">\n\t\t\t\t<div class=\"elementor-widget-container\">\n\t\t\t\t\t\t\t\t\t<p><span style=\"font-weight: 400;\">Aqui est\u00e1 a lista das principais atividades:<\/span><\/p><ul><li style=\"font-weight: 400;\" aria-level=\"1\"><span style=\"font-weight: 400;\">An\u00e1lise das melhores pr\u00e1ticas existentes e ferramentas eficazes<\/span><\/li><li style=\"font-weight: 400;\" aria-level=\"1\"><span style=\"font-weight: 400;\">Co-concep\u00e7\u00e3o e desenvolvimento do Modelo Language Buddy<\/span><\/li><li style=\"font-weight: 400;\" aria-level=\"1\"><span style=\"font-weight: 400;\">Cria\u00e7\u00e3o de um sistema de pares lingu\u00edsticos nas institui\u00e7\u00f5es de ensino superior<\/span><\/li><li style=\"font-weight: 400;\" aria-level=\"1\"><span style=\"font-weight: 400;\">Desenvolvimento de curso online para estudantes de institui\u00e7\u00f5es de ensino superior<\/span><\/li><li style=\"font-weight: 400;\" aria-level=\"1\"><span style=\"font-weight: 400;\">Workshop Transnacional de Forma\u00e7\u00e3o de Formadores (ToT) em L\u00ednguas<\/span><\/li><li style=\"font-weight: 400;\" aria-level=\"1\"><span style=\"font-weight: 400;\">Forma\u00e7\u00e3o de estudantes de institui\u00e7\u00f5es de ensino superior<\/span><\/li><li style=\"font-weight: 400;\" aria-level=\"1\"><span style=\"font-weight: 400;\">Pilotagem do sistema Language Buddy com alunos de origem migrante<\/span><\/li><li style=\"font-weight: 400;\" aria-level=\"1\"><span style=\"font-weight: 400;\">Avalia\u00e7\u00e3o dos projetos-piloto e desenvolvimento do Modelo Language Buddy 2.0<\/span><\/li><li style=\"font-weight: 400;\" aria-level=\"1\"><span style=\"font-weight: 400;\">Mesas redondas digitais nacionais<\/span><\/li><li style=\"font-weight: 400;\" aria-level=\"1\"><span style=\"font-weight: 400;\">Recomenda\u00e7\u00f5es pol\u00edticas para a integra\u00e7\u00e3o do modelo \u00abLanguage Buddy\u00bb<\/span><\/li><\/ul>\t\t\t\t\t\t\t\t<\/div>\n\t\t\t\t<\/div>\n\t\t\t\t<div class=\"elementor-element elementor-element-ca16ef1 elementor-widget elementor-widget-heading\" data-id=\"ca16ef1\" data-element_type=\"widget\" data-e-type=\"widget\" data-widget_type=\"heading.default\">\n\t\t\t\t<div class=\"elementor-widget-container\">\n\t\t\t\t\t<h2 class=\"elementor-heading-title elementor-size-default\">Grupo-alvo<\/h2>\t\t\t\t<\/div>\n\t\t\t\t<\/div>\n\t\t\t\t<div class=\"elementor-element elementor-element-d11db2d elementor-widget-divider--view-line elementor-widget elementor-widget-divider\" data-id=\"d11db2d\" data-element_type=\"widget\" data-e-type=\"widget\" data-widget_type=\"divider.default\">\n\t\t\t\t<div class=\"elementor-widget-container\">\n\t\t\t\t\t\t\t<div class=\"elementor-divider\">\n\t\t\t<span class=\"elementor-divider-separator\">\n\t\t\t\t\t\t<\/span>\n\t\t<\/div>\n\t\t\t\t\t\t<\/div>\n\t\t\t\t<\/div>\n\t\t\t\t<div class=\"elementor-element elementor-element-9392085 elementor-widget elementor-widget-text-editor\" data-id=\"9392085\" data-element_type=\"widget\" data-e-type=\"widget\" data-widget_type=\"text-editor.default\">\n\t\t\t\t<div class=\"elementor-widget-container\">\n\t\t\t\t\t\t\t\t\t<p><span style=\"font-weight: 400;\">O grupo-alvo do projeto s\u00e3o estudantes migrantes do ensino secund\u00e1rio, estudantes do ensino superior, partes interessadas (institui\u00e7\u00f5es de ensino superior, organiza\u00e7\u00f5es lideradas por migrantes, escolas, ONG, autoridades educativas locais\/regionais).<\/span><\/p>\t\t\t\t\t\t\t\t<\/div>\n\t\t\t\t<\/div>\n\t\t\t\t<div class=\"elementor-element elementor-element-f8970b1 elementor-widget elementor-widget-heading\" data-id=\"f8970b1\" data-element_type=\"widget\" data-e-type=\"widget\" data-widget_type=\"heading.default\">\n\t\t\t\t<div class=\"elementor-widget-container\">\n\t\t\t\t\t<h2 class=\"elementor-heading-title elementor-size-default\">Parceria<\/h2>\t\t\t\t<\/div>\n\t\t\t\t<\/div>\n\t\t\t\t<div class=\"elementor-element elementor-element-bdfc621 elementor-widget-divider--view-line elementor-widget elementor-widget-divider\" data-id=\"bdfc621\" data-element_type=\"widget\" data-e-type=\"widget\" data-widget_type=\"divider.default\">\n\t\t\t\t<div class=\"elementor-widget-container\">\n\t\t\t\t\t\t\t<div class=\"elementor-divider\">\n\t\t\t<span class=\"elementor-divider-separator\">\n\t\t\t\t\t\t<\/span>\n\t\t<\/div>\n\t\t\t\t\t\t<\/div>\n\t\t\t\t<\/div>\n\t\t\t\t<div class=\"elementor-element elementor-element-941de98 elementor-widget elementor-widget-text-editor\" data-id=\"941de98\" data-element_type=\"widget\" data-e-type=\"widget\" data-widget_type=\"text-editor.default\">\n\t\t\t\t<div class=\"elementor-widget-container\">\n\t\t\t\t\t\t\t\t\t<p><span style=\"font-weight: 400;\">O Cons\u00f3rcio, liderado pela Universidade da Maced\u00f3nia, \u00e9 composto por 16 organiza\u00e7\u00f5es, 8 OSC, 7 universidades, 1 dire\u00e7\u00e3o de educa\u00e7\u00e3o e est\u00e1 presente em 8 pa\u00edses europeus: Gr\u00e9cia, It\u00e1lia, Rom\u00e9nia, Bulg\u00e1ria, Espanha, Portugal, Malta e \u00c1ustria.<\/span><\/p><p><a href=\"https:\/\/www.languagebuddy.eu\/pt-pt\/parceria\/\">\ud83d\udd17 Leia mais sobre os parceiros<\/a><\/p>\t\t\t\t\t\t\t\t<\/div>\n\t\t\t\t<\/div>\n\t\t\t\t<div class=\"elementor-element elementor-element-3c53efc elementor-widget elementor-widget-button\" data-id=\"3c53efc\" data-element_type=\"widget\" data-e-type=\"widget\" data-widget_type=\"button.default\">\n\t\t\t\t<div class=\"elementor-widget-container\">\n\t\t\t\t\t\t\t\t\t<div class=\"elementor-button-wrapper\">\n\t\t\t\t\t<a class=\"elementor-button elementor-button-link elementor-size-sm\" href=\"https:\/\/www.languagebuddy.eu\/wp-content\/uploads\/2024\/07\/Language-buddy-E-leaflet.pdf\">\n\t\t\t\t\t\t<span class=\"elementor-button-content-wrapper\">\n\t\t\t\t\t\t<span class=\"elementor-button-icon\">\n\t\t\t\t<svg aria-hidden=\"true\" class=\"e-font-icon-svg e-fas-download\" viewBox=\"0 0 512 512\" xmlns=\"http:\/\/www.w3.org\/2000\/svg\"><path d=\"M216 0h80c13.3 0 24 10.7 24 24v168h87.7c17.8 0 26.7 21.5 14.1 34.1L269.7 378.3c-7.5 7.5-19.8 7.5-27.3 0L90.1 226.1c-12.6-12.6-3.7-34.1 14.1-34.1H192V24c0-13.3 10.7-24 24-24zm296 376v112c0 13.3-10.7 24-24 24H24c-13.3 0-24-10.7-24-24V376c0-13.3 10.7-24 24-24h146.7l49 49c20.1 20.1 52.5 20.1 72.6 0l49-49H488c13.3 0 24 10.7 24 24zm-124 88c0-11-9-20-20-20s-20 9-20 20 9 20 20 20 20-9 20-20zm64 0c0-11-9-20-20-20s-20 9-20 20 9 20 20 20 20-9 20-20z\"><\/path><\/svg>\t\t\t<\/span>\n\t\t\t\t\t\t\t\t\t<span class=\"elementor-button-text\">Descarregue o folheto<\/span>\n\t\t\t\t\t<\/span>\n\t\t\t\t\t<\/a>\n\t\t\t\t<\/div>\n\t\t\t\t\t\t\t\t<\/div>\n\t\t\t\t<\/div>\n\t\t\t\t<div class=\"elementor-element elementor-element-d245889 elementor-widget elementor-widget-text-editor\" data-id=\"d245889\" data-element_type=\"widget\" data-e-type=\"widget\" data-widget_type=\"text-editor.default\">\n\t\t\t\t<div class=\"elementor-widget-container\">\n\t\t\t\t\t\t\t\t\t<p><strong>Tradu\u00e7\u00f5es de folhetos:<\/strong><\/p><p><span data-sheets-root=\"1\"><em>clique para descarregar<\/em><\/span><\/p><p><a href=\"https:\/\/www.languagebuddy.eu\/wp-content\/uploads\/2025\/01\/EL-Language-buddy-E-leaflet.pdf\">\ud83c\uddec\ud83c\uddf7 Greek <\/a><br><a href=\"https:\/\/www.languagebuddy.eu\/wp-content\/uploads\/2025\/01\/ITA-Language-buddy-E-leaflet.pdf\">\ud83c\uddee\ud83c\uddf9 Italian<\/a><br><a href=\"https:\/\/www.languagebuddy.eu\/wp-content\/uploads\/2025\/01\/RO-Language-buddy-E-leaflet.pdf\">\ud83c\uddf7\ud83c\uddf4 Romanian<\/a><br><a href=\"https:\/\/www.languagebuddy.eu\/wp-content\/uploads\/2025\/01\/BG-Language-buddy-E-leaflet.pdf\">\ud83c\udde7\ud83c\uddec Bulgarian<\/a><br><a href=\"https:\/\/www.languagebuddy.eu\/wp-content\/uploads\/2025\/01\/ES-Language-buddy-E-leaflet.pdf\">\ud83c\uddea\ud83c\uddf8 Spanish<\/a><br><a href=\"https:\/\/www.languagebuddy.eu\/wp-content\/uploads\/2025\/01\/PT-Language-buddy-E-leaflet.pdf\">\ud83c\uddf5\ud83c\uddf9 Portuguese<\/a><br><a href=\"https:\/\/www.languagebuddy.eu\/wp-content\/uploads\/2025\/01\/DE-Language-buddy-E-leaflet.pdf\">\ud83c\udde6\ud83c\uddf9 German<\/a><br><a href=\"https:\/\/www.languagebuddy.eu\/wp-content\/uploads\/2025\/04\/AMIF-Language-buddy-A4-leaflet_Maltese.pdf\">\ud83c\uddf2\ud83c\uddf9 Maltese <\/a> <\/p>\t\t\t\t\t\t\t\t<\/div>\n\t\t\t\t<\/div>\n\t\t\t\t\t<\/div>\n\t\t\t\t<\/div>\n\t\t\t\t<\/div>\n\t\t","protected":false},"excerpt":{"rendered":"<p>Objetivos e resultados esperados O Language Buddy tem como objetivo melhorar a aprendizagem de l\u00ednguas de alunos (de 12 a 17 anos) com hist\u00f3rico de refugiados\/migrantes promovendo aprendizagens n\u00e3o formais e informais atrav\u00e9s da implementa\u00e7\u00e3o de pr\u00e1ticas de mentoria e implementa\u00e7\u00e3o de um sistema de mentorias. Coordenado por Institui\u00e7\u00f5es de Ensino Superior (IES), escolas\/autoridades educacionais, [&hellip;]<\/p>\n","protected":false},"author":2,"featured_media":0,"parent":0,"menu_order":0,"comment_status":"closed","ping_status":"closed","template":"","meta":{"footnotes":""},"class_list":["post-988","page","type-page","status-publish","hentry"],"_links":{"self":[{"href":"https:\/\/www.languagebuddy.eu\/pt-pt\/wp-json\/wp\/v2\/pages\/988","targetHints":{"allow":["GET"]}}],"collection":[{"href":"https:\/\/www.languagebuddy.eu\/pt-pt\/wp-json\/wp\/v2\/pages"}],"about":[{"href":"https:\/\/www.languagebuddy.eu\/pt-pt\/wp-json\/wp\/v2\/types\/page"}],"author":[{"embeddable":true,"href":"https:\/\/www.languagebuddy.eu\/pt-pt\/wp-json\/wp\/v2\/users\/2"}],"replies":[{"embeddable":true,"href":"https:\/\/www.languagebuddy.eu\/pt-pt\/wp-json\/wp\/v2\/comments?post=988"}],"version-history":[{"count":7,"href":"https:\/\/www.languagebuddy.eu\/pt-pt\/wp-json\/wp\/v2\/pages\/988\/revisions"}],"predecessor-version":[{"id":1180,"href":"https:\/\/www.languagebuddy.eu\/pt-pt\/wp-json\/wp\/v2\/pages\/988\/revisions\/1180"}],"wp:attachment":[{"href":"https:\/\/www.languagebuddy.eu\/pt-pt\/wp-json\/wp\/v2\/media?parent=988"}],"curies":[{"name":"wp","href":"https:\/\/api.w.org\/{rel}","templated":true}]}}