{"id":1005,"date":"2024-07-22T19:28:59","date_gmt":"2024-07-22T19:28:59","guid":{"rendered":"https:\/\/www.languagebuddy.eu\/actiuni-pilot\/"},"modified":"2025-05-05T11:05:38","modified_gmt":"2025-05-05T11:05:38","slug":"actiuni-pilot","status":"publish","type":"page","link":"https:\/\/www.languagebuddy.eu\/ro\/actiuni-pilot\/","title":{"rendered":"Ac\u021biuni pilot"},"content":{"rendered":"\t\t<div data-elementor-type=\"wp-page\" data-elementor-id=\"1005\" class=\"elementor elementor-1005 elementor-38\" data-elementor-post-type=\"page\">\n\t\t\t\t<div class=\"elementor-element elementor-element-05e6f71 e-flex e-con-boxed e-con e-parent\" data-id=\"05e6f71\" data-element_type=\"container\" data-e-type=\"container\" data-settings=\"{&quot;background_background&quot;:&quot;classic&quot;}\">\n\t\t\t\t\t<div class=\"e-con-inner\">\n\t\t\t\t\t<\/div>\n\t\t\t\t<\/div>\n\t\t<div class=\"elementor-element elementor-element-cb4af44 e-flex e-con-boxed e-con e-parent\" data-id=\"cb4af44\" data-element_type=\"container\" data-e-type=\"container\">\n\t\t\t\t\t<div class=\"e-con-inner\">\n\t\t\t\t<div class=\"elementor-element elementor-element-9e1ee79 elementor-widget elementor-widget-heading\" data-id=\"9e1ee79\" data-element_type=\"widget\" data-e-type=\"widget\" data-widget_type=\"heading.default\">\n\t\t\t\t<div class=\"elementor-widget-container\">\n\t\t\t\t\t<h2 class=\"elementor-heading-title elementor-size-default\">Ac\u021biuni pilot<\/h2>\t\t\t\t<\/div>\n\t\t\t\t<\/div>\n\t\t\t\t<div class=\"elementor-element elementor-element-8640aba elementor-widget-divider--view-line elementor-widget elementor-widget-divider\" data-id=\"8640aba\" data-element_type=\"widget\" data-e-type=\"widget\" data-widget_type=\"divider.default\">\n\t\t\t\t<div class=\"elementor-widget-container\">\n\t\t\t\t\t\t\t<div class=\"elementor-divider\">\n\t\t\t<span class=\"elementor-divider-separator\">\n\t\t\t\t\t\t<\/span>\n\t\t<\/div>\n\t\t\t\t\t\t<\/div>\n\t\t\t\t<\/div>\n\t\t\t\t<div class=\"elementor-element elementor-element-f196a9d elementor-widget elementor-widget-text-editor\" data-id=\"f196a9d\" data-element_type=\"widget\" data-e-type=\"widget\" data-widget_type=\"text-editor.default\">\n\t\t\t\t<div class=\"elementor-widget-container\">\n\t\t\t\t\t\t\t\t\t<p><span style=\"font-weight: 400;\">Programul va include elevi migran\u021bi\/refugia\u021bi care vor fi recruta\u021bi \u00een func\u021bie de profilul lor (se va acorda prioritate elevilor cu absen\u021be \u0219colare \u0219i\/sau cu risc ridicat de abandon \u0219colar, elevi cu mai pu\u021bine oportunit\u0103\u021bi, elevi care se confrunt\u0103 cu forme multiple de discriminare etc.) \u0219i studen\u021bi din institu\u021bii de \u00eenv\u0103\u021b\u0103m\u00e2nt superior de la facult\u0103\u021bi precum pedagogie\/educa\u021bie\/limb\u0103\/literatur\u0103.<\/span><\/p><p><span style=\"font-weight: 400;\">Fiecare partener va realiza o potrivire intre mentori (studen\u021bi din institu\u021bii de \u00eenv\u0103\u021b\u0103m\u00e2nt superior) \u0219i mentora\u021bi (elevi migran\u021bi), fie fa\u021b\u0103 \u00een fa\u021b\u0103 sau online cu scopul de a se familiariza unul cu altul \u0219i de a facilita astfel tot demersul de predare-\u00eenv\u0103\u021bare. <br>Partenerii vor stabili apoi potrivirile finale \u00een func\u021bie de criteriile stabilite \u00een proiect. Potrivirile \u00eentre mentori \u0219i mentora\u021bi vor avea la baz\u0103 respectul fa\u021b\u0103 de diversitatea cultural\u0103, astfel \u00eenc\u00e2t ace\u0219tia s\u0103 coopereze eficient. Fiecare student din \u00eenv\u0103\u021b\u0103m\u00e2ntul superior va fi potrivit cu 1 sau 2 elevi migran\u021bi\/refugia\u021bi. <\/span><\/p><p><span style=\"font-weight: 400;\">\u00cen cadrul primei \u00eent\u00e2lniri oficiale se vor stabili obiectivele, nevoile \u0219i a\u0219tept\u0103rile mentora\u021bilor, precum \u0219i deciziile privind frecven\u021ba \u00eent\u00e2lnirilor \u0219i stabilirea unui program personalizat pentru desf\u0103\u0219urarea cursului de limb\u0103 rom\u00e2n\u0103. In aceast\u0103 faz\u0103 ini\u021bial\u0103 se va depune un efort deosebit pentru a implica c\u00e2t mai mult posibil membrii familiei mentora\u021bilor. <\/span><\/p><p><span style=\"font-weight: 400;\">Sesiunile Language Buddy vor fi coordonate de partenerii locali \u0219i se vor desf\u0103\u0219ura online sau fa\u021b\u0103 \u00een fa\u021b\u0103, \u00een func\u021bie de nevoile mentora\u021bilor, pe o durat\u0103 de 4 p\u00e2n\u0103 la 6 luni. <\/span><\/p><p><span style=\"font-weight: 400;\">Obiectivele programului pilot vor fi:<\/span><\/p><ul><li style=\"font-weight: 400;\" aria-level=\"1\"><span style=\"font-weight: 400;\">Dezvoltarea abilit\u0103\u021bilor studen\u021bilor din \u00eenv\u0103\u021b\u0103m\u00e2ntul superior de la facult\u0103\u021bile de pedagogie\/educa\u021bie\/limb\u0103\/literatur\u0103 privind metodologiile inovatoare de \u00eenv\u0103\u021bare\/predare, pedagogie intercultural\u0103 \u0219i dezvoltare lingvistic\u0103 <\/span><\/li><li style=\"font-weight: 400;\" aria-level=\"1\"><span style=\"font-weight: 400;\">\u00cembun\u0103t\u0103\u021birea accesului tinerilor proveni\u021bi din familii cu statut de migrant sau refugiat (cu v\u00e2rsta cuprins\u0103 \u00eentre 12 \u0219i 17 ani) la oportunit\u0103\u021bi non-formale\/informale de \u00eenv\u0103\u021bare a limbii rom\u00e2ne (sprijinirea activit\u0103\u021bii desf\u0103\u0219urate de \u0219coli) <\/span><\/li><li style=\"font-weight: 400;\" aria-level=\"1\"><span style=\"font-weight: 400;\">Consolidarea cooper\u0103rii dintre institu\u021biile de \u00eenv\u0103\u021b\u0103m\u00e2nt superior, organiza\u021biile conduse de migran\u021bi, \u0219coli, ONG-uri, autorit\u0103\u021bile educa\u021bionale locale\/regionale pentru sprijinirea \u00eenv\u0103\u021b\u0103rii limbii rom\u00e2ne de c\u0103tre tinerii migran\u021bi \u0219i\/sau refugia\u021bi<\/span><\/li><\/ul>\t\t\t\t\t\t\t\t<\/div>\n\t\t\t\t<\/div>\n\t\t\t\t<div class=\"elementor-element elementor-element-d34e82d elementor-widget elementor-widget-gallery\" data-id=\"d34e82d\" data-element_type=\"widget\" data-e-type=\"widget\" data-settings=\"{&quot;lazyload&quot;:&quot;yes&quot;,&quot;gallery_layout&quot;:&quot;grid&quot;,&quot;columns&quot;:4,&quot;columns_tablet&quot;:2,&quot;columns_mobile&quot;:1,&quot;gap&quot;:{&quot;unit&quot;:&quot;px&quot;,&quot;size&quot;:10,&quot;sizes&quot;:[]},&quot;gap_tablet&quot;:{&quot;unit&quot;:&quot;px&quot;,&quot;size&quot;:10,&quot;sizes&quot;:[]},&quot;gap_mobile&quot;:{&quot;unit&quot;:&quot;px&quot;,&quot;size&quot;:10,&quot;sizes&quot;:[]},&quot;link_to&quot;:&quot;file&quot;,&quot;aspect_ratio&quot;:&quot;3:2&quot;,&quot;overlay_background&quot;:&quot;yes&quot;,&quot;content_hover_animation&quot;:&quot;fade-in&quot;}\" data-widget_type=\"gallery.default\">\n\t\t\t\t<div class=\"elementor-widget-container\">\n\t\t\t\t\t\t\t<div class=\"elementor-gallery__container\">\n\t\t\t\t\t\t\t<a class=\"e-gallery-item elementor-gallery-item elementor-animated-content\" href=\"https:\/\/www.languagebuddy.eu\/wp-content\/uploads\/2024\/07\/students.jpg\" data-elementor-open-lightbox=\"yes\" data-elementor-lightbox-slideshow=\"d34e82d\" data-elementor-lightbox-title=\"High School Peers in Library\" data-e-action-hash=\"#elementor-action%3Aaction%3Dlightbox%26settings%3DeyJpZCI6ODIsInVybCI6Imh0dHBzOlwvXC93d3cubGFuZ3VhZ2VidWRkeS5ldVwvd3AtY29udGVudFwvdXBsb2Fkc1wvMjAyNFwvMDdcL3N0dWRlbnRzLmpwZyIsInNsaWRlc2hvdyI6ImQzNGU4MmQifQ%3D%3D\">\n\t\t\t\t\t<div class=\"e-gallery-image elementor-gallery-item__image\" data-thumbnail=\"https:\/\/www.languagebuddy.eu\/wp-content\/uploads\/2024\/07\/students-300x200.jpg\" data-width=\"300\" data-height=\"200\" aria-label=\"\" role=\"img\" ><\/div>\n\t\t\t\t\t\t\t\t\t\t\t<div class=\"elementor-gallery-item__overlay\"><\/div>\n\t\t\t\t\t\t\t\t\t\t\t\t\t\t<\/a>\n\t\t\t\t\t\t\t<a class=\"e-gallery-item elementor-gallery-item elementor-animated-content\" href=\"https:\/\/www.languagebuddy.eu\/wp-content\/uploads\/2024\/07\/students1.webp\" data-elementor-open-lightbox=\"yes\" data-elementor-lightbox-slideshow=\"d34e82d\" data-elementor-lightbox-title=\"students1\" data-e-action-hash=\"#elementor-action%3Aaction%3Dlightbox%26settings%3DeyJpZCI6ODQsInVybCI6Imh0dHBzOlwvXC93d3cubGFuZ3VhZ2VidWRkeS5ldVwvd3AtY29udGVudFwvdXBsb2Fkc1wvMjAyNFwvMDdcL3N0dWRlbnRzMS53ZWJwIiwic2xpZGVzaG93IjoiZDM0ZTgyZCJ9\">\n\t\t\t\t\t<div class=\"e-gallery-image elementor-gallery-item__image\" data-thumbnail=\"https:\/\/www.languagebuddy.eu\/wp-content\/uploads\/2024\/07\/students1-300x200.webp\" data-width=\"300\" data-height=\"200\" aria-label=\"\" role=\"img\" ><\/div>\n\t\t\t\t\t\t\t\t\t\t\t<div class=\"elementor-gallery-item__overlay\"><\/div>\n\t\t\t\t\t\t\t\t\t\t\t\t\t\t<\/a>\n\t\t\t\t\t\t\t<a class=\"e-gallery-item elementor-gallery-item elementor-animated-content\" href=\"https:\/\/www.languagebuddy.eu\/wp-content\/uploads\/2024\/07\/students2.jpg\" data-elementor-open-lightbox=\"yes\" data-elementor-lightbox-slideshow=\"d34e82d\" data-elementor-lightbox-title=\"They make really good study buddies\" data-e-action-hash=\"#elementor-action%3Aaction%3Dlightbox%26settings%3DeyJpZCI6ODUsInVybCI6Imh0dHBzOlwvXC93d3cubGFuZ3VhZ2VidWRkeS5ldVwvd3AtY29udGVudFwvdXBsb2Fkc1wvMjAyNFwvMDdcL3N0dWRlbnRzMi5qcGciLCJzbGlkZXNob3ciOiJkMzRlODJkIn0%3D\">\n\t\t\t\t\t<div class=\"e-gallery-image elementor-gallery-item__image\" data-thumbnail=\"https:\/\/www.languagebuddy.eu\/wp-content\/uploads\/2024\/07\/students2-300x200.jpg\" data-width=\"300\" data-height=\"200\" aria-label=\"\" role=\"img\" ><\/div>\n\t\t\t\t\t\t\t\t\t\t\t<div class=\"elementor-gallery-item__overlay\"><\/div>\n\t\t\t\t\t\t\t\t\t\t\t\t\t\t<\/a>\n\t\t\t\t\t\t\t<a class=\"e-gallery-item elementor-gallery-item elementor-animated-content\" href=\"https:\/\/www.languagebuddy.eu\/wp-content\/uploads\/2024\/07\/students3.webp\" data-elementor-open-lightbox=\"yes\" data-elementor-lightbox-slideshow=\"d34e82d\" data-elementor-lightbox-title=\"students3\" data-e-action-hash=\"#elementor-action%3Aaction%3Dlightbox%26settings%3DeyJpZCI6ODYsInVybCI6Imh0dHBzOlwvXC93d3cubGFuZ3VhZ2VidWRkeS5ldVwvd3AtY29udGVudFwvdXBsb2Fkc1wvMjAyNFwvMDdcL3N0dWRlbnRzMy53ZWJwIiwic2xpZGVzaG93IjoiZDM0ZTgyZCJ9\">\n\t\t\t\t\t<div class=\"e-gallery-image elementor-gallery-item__image\" data-thumbnail=\"https:\/\/www.languagebuddy.eu\/wp-content\/uploads\/2024\/07\/students3-300x200.webp\" data-width=\"300\" data-height=\"200\" aria-label=\"\" role=\"img\" ><\/div>\n\t\t\t\t\t\t\t\t\t\t\t<div class=\"elementor-gallery-item__overlay\"><\/div>\n\t\t\t\t\t\t\t\t\t\t\t\t\t\t<\/a>\n\t\t\t\t\t<\/div>\n\t\t\t\t\t<\/div>\n\t\t\t\t<\/div>\n\t\t\t\t\t<\/div>\n\t\t\t\t<\/div>\n\t\t\t\t<\/div>\n\t\t","protected":false},"excerpt":{"rendered":"<p>Ac\u021biuni pilot Programul va include elevi migran\u021bi\/refugia\u021bi care vor fi recruta\u021bi \u00een func\u021bie de profilul lor (se va acorda prioritate elevilor cu absen\u021be \u0219colare \u0219i\/sau cu risc ridicat de abandon \u0219colar, elevi cu mai pu\u021bine oportunit\u0103\u021bi, elevi care se confrunt\u0103 cu forme multiple de discriminare etc.) \u0219i studen\u021bi din institu\u021bii de \u00eenv\u0103\u021b\u0103m\u00e2nt superior de la [&hellip;]<\/p>\n","protected":false},"author":2,"featured_media":0,"parent":0,"menu_order":0,"comment_status":"closed","ping_status":"closed","template":"","meta":{"footnotes":""},"class_list":["post-1005","page","type-page","status-publish","hentry"],"_links":{"self":[{"href":"https:\/\/www.languagebuddy.eu\/ro\/wp-json\/wp\/v2\/pages\/1005","targetHints":{"allow":["GET"]}}],"collection":[{"href":"https:\/\/www.languagebuddy.eu\/ro\/wp-json\/wp\/v2\/pages"}],"about":[{"href":"https:\/\/www.languagebuddy.eu\/ro\/wp-json\/wp\/v2\/types\/page"}],"author":[{"embeddable":true,"href":"https:\/\/www.languagebuddy.eu\/ro\/wp-json\/wp\/v2\/users\/2"}],"replies":[{"embeddable":true,"href":"https:\/\/www.languagebuddy.eu\/ro\/wp-json\/wp\/v2\/comments?post=1005"}],"version-history":[{"count":1,"href":"https:\/\/www.languagebuddy.eu\/ro\/wp-json\/wp\/v2\/pages\/1005\/revisions"}],"predecessor-version":[{"id":1006,"href":"https:\/\/www.languagebuddy.eu\/ro\/wp-json\/wp\/v2\/pages\/1005\/revisions\/1006"}],"wp:attachment":[{"href":"https:\/\/www.languagebuddy.eu\/ro\/wp-json\/wp\/v2\/media?parent=1005"}],"curies":[{"name":"wp","href":"https:\/\/api.w.org\/{rel}","templated":true}]}}