{"id":856,"date":"2024-07-22T19:28:37","date_gmt":"2024-07-22T19:28:37","guid":{"rendered":"https:\/\/www.languagebuddy.eu\/module-de-formare\/"},"modified":"2025-04-14T08:46:39","modified_gmt":"2025-04-14T08:46:39","slug":"module-de-formare","status":"publish","type":"page","link":"https:\/\/www.languagebuddy.eu\/ro\/module-de-formare\/","title":{"rendered":"Module de formare"},"content":{"rendered":"\t\t<div data-elementor-type=\"wp-page\" data-elementor-id=\"856\" class=\"elementor elementor-856 elementor-36\" data-elementor-post-type=\"page\">\n\t\t\t\t<div class=\"elementor-element elementor-element-fd44416 e-flex e-con-boxed e-con e-parent\" data-id=\"fd44416\" data-element_type=\"container\" data-e-type=\"container\" data-settings=\"{&quot;background_background&quot;:&quot;classic&quot;}\">\n\t\t\t\t\t<div class=\"e-con-inner\">\n\t\t\t\t\t<\/div>\n\t\t\t\t<\/div>\n\t\t<div class=\"elementor-element elementor-element-e1755fc e-flex e-con-boxed e-con e-parent\" data-id=\"e1755fc\" data-element_type=\"container\" data-e-type=\"container\">\n\t\t\t\t\t<div class=\"e-con-inner\">\n\t\t\t\t<div class=\"elementor-element elementor-element-2c6f086 elementor-widget elementor-widget-heading\" data-id=\"2c6f086\" data-element_type=\"widget\" data-e-type=\"widget\" data-widget_type=\"heading.default\">\n\t\t\t\t<div class=\"elementor-widget-container\">\n\t\t\t\t\t<h2 class=\"elementor-heading-title elementor-size-default\">Module de formare<\/h2>\t\t\t\t<\/div>\n\t\t\t\t<\/div>\n\t\t\t\t<div class=\"elementor-element elementor-element-d8809e2 elementor-widget-divider--view-line elementor-widget elementor-widget-divider\" data-id=\"d8809e2\" data-element_type=\"widget\" data-e-type=\"widget\" data-widget_type=\"divider.default\">\n\t\t\t\t<div class=\"elementor-widget-container\">\n\t\t\t\t\t\t\t<div class=\"elementor-divider\">\n\t\t\t<span class=\"elementor-divider-separator\">\n\t\t\t\t\t\t<\/span>\n\t\t<\/div>\n\t\t\t\t\t\t<\/div>\n\t\t\t\t<\/div>\n\t\t\t\t<div class=\"elementor-element elementor-element-049865e elementor-widget elementor-widget-text-editor\" data-id=\"049865e\" data-element_type=\"widget\" data-e-type=\"widget\" data-widget_type=\"text-editor.default\">\n\t\t\t\t<div class=\"elementor-widget-container\">\n\t\t\t\t\t\t\t\t\t<p><span style=\"font-weight: 400;\">\u00cen baza liniilor directoare stabilite de bunele practici colectate, partenerii de proiect, \u00eempreun\u0103 cu grupurile \u021bint\u0103 \u0219i p\u0103r\u021bile interesate, vor dezvolta Modelul Language Buddy.<br><br>Acesta va fi elaborat \u00een colaborare cu profesioni\u0219ti din domeniul educa\u021biei care lucreaz\u0103 cu elevi migran\u021bi \u0219i refugia\u021bi (12-17 ani), studen\u021bi ai institu\u021biilor de \u00eenv\u0103\u021b\u0103m\u00e2nt superior, profesori de pedagogie\/educa\u021bie\/limb\u0103\/literatur\u0103, precum \u0219i reprezentan\u021bi ai ONG-urilor. <\/span><\/p><p><span style=\"font-weight: 400;\">Modelul va avea \u00een prim-plan implementarea unui sistem numit Language Buddy, care urm\u0103re\u0219te \u00eenv\u0103\u021barea\/predarea limbilor str\u0103ine prin metode non-formale \u0219i informale. Sistemul \u00eei implic\u0103 pe studen\u021bii universit\u0103\u021bilor ca mentori \u0219i pe elevii migran\u021bi \u0219i refugia\u021bi ca mentorati. Pentru aceasta, se vor dezvolta dou\u0103 tipuri de cursuri: un curs online \u0219i un curs fa\u021b\u0103 \u00een fa\u021b\u0103. <\/span><\/p><p><span style=\"font-weight: 400;\">Studen\u021bii mentori vor participa la ateliere de formare (fa\u021b\u0103 \u00een fa\u021b\u0103 \u0219i online), \u00een cadrul c\u0103rora se vor aborda subiecte precum: <\/span><\/p><ul><li style=\"font-weight: 400;\" aria-level=\"1\"><span style=\"font-weight: 400;\">\u00cen\u021belegerea intercultural\u0103 \u0219i dialogul \u00een educa\u021bie <\/span><\/li><li style=\"font-weight: 400;\" aria-level=\"1\"><span style=\"font-weight: 400;\">Principii de Pedagogie Critic\u0103 \u0219i Social\u0103<\/span><\/li><li style=\"font-weight: 400;\" aria-level=\"1\"><span style=\"font-weight: 400;\">Rolul familiei \u00een \u00eenv\u0103\u021barea limbilor str\u0103ine \u0219i dep\u0103\u0219irea barierelor prin metode non-formale \u0219i informale pentru elevii migran\u021bi \u0219i refugia\u021bi <\/span><\/li><li style=\"font-weight: 400;\" aria-level=\"1\"><span style=\"font-weight: 400;\">Instrumente digitale pentru \u00eenv\u0103\u021barea eficient\u0103 a limbilor str\u0103ine<\/span><\/li><li style=\"font-weight: 400;\" aria-level=\"1\"><span style=\"font-weight: 400;\">Arta <\/span><span style=\"font-weight: 400;\">ca instrument de dialog intercultural \u0219i de \u00eenv\u0103\u021bare a limbilor str\u0103ine<\/span><\/li><li style=\"font-weight: 400;\" aria-level=\"1\"><span style=\"font-weight: 400;\">Observare, documentare, reflec\u021bie \u0219i (auto)evaluare <\/span><\/li><li style=\"font-weight: 400;\" aria-level=\"1\"><span style=\"font-weight: 400;\">Prezentarea sistemului Language Buddy<\/span><\/li><li style=\"font-weight: 400;\" aria-level=\"1\"><span style=\"font-weight: 400;\">Cum se organizeaz\u0103 o sesiune Language Buddy cu ajutorul platformei electronice dedicate<\/span><\/li><\/ul><p> <\/p><p><span style=\"font-weight: 400;\">Obiectivele trainingurilor sunt:<\/span><\/p><ul><li style=\"font-weight: 400;\" aria-level=\"1\"><span style=\"font-weight: 400;\">Crearea unor sisteme de mentorat bazate pe \u00eenv\u0103\u021barea\/predarea limbilor str\u0103ine pentru tineri din familii de migran\u021bi \u0219i refugia\u021bi, cu v\u00e2rste \u00eentre 12 \u0219i 17 ani<\/span><\/li><li style=\"font-weight: 400;\" aria-level=\"1\"><span style=\"font-weight: 400;\">Dezvoltarea abilit\u0103\u021bilor studen\u021bilor din \u00eenv\u0103\u021b\u0103m\u00e2ntul superior (departamente de pedagogie, educa\u021bie, limb\u0103, literatur\u0103) \u00een folosirea metodologiilor inovatoare de \u00eenv\u0103\u021bare\/predare, a pedagogiei interculturale \u0219i a strategiilor de dezvoltare lingvistic\u0103<\/span><\/li><\/ul>\t\t\t\t\t\t\t\t<\/div>\n\t\t\t\t<\/div>\n\t\t\t\t\t<\/div>\n\t\t\t\t<\/div>\n\t\t\t\t<\/div>\n\t\t","protected":false},"excerpt":{"rendered":"<p>Module de formare \u00cen baza liniilor directoare stabilite de bunele practici colectate, partenerii de proiect, \u00eempreun\u0103 cu grupurile \u021bint\u0103 \u0219i p\u0103r\u021bile interesate, vor dezvolta Modelul Language Buddy. Acesta va fi elaborat \u00een colaborare cu profesioni\u0219ti din domeniul educa\u021biei care lucreaz\u0103 cu elevi migran\u021bi \u0219i refugia\u021bi (12-17 ani), studen\u021bi ai institu\u021biilor de \u00eenv\u0103\u021b\u0103m\u00e2nt superior, profesori de [&hellip;]<\/p>\n","protected":false},"author":2,"featured_media":0,"parent":0,"menu_order":0,"comment_status":"closed","ping_status":"closed","template":"","meta":{"footnotes":""},"class_list":["post-856","page","type-page","status-publish","hentry"],"_links":{"self":[{"href":"https:\/\/www.languagebuddy.eu\/ro\/wp-json\/wp\/v2\/pages\/856","targetHints":{"allow":["GET"]}}],"collection":[{"href":"https:\/\/www.languagebuddy.eu\/ro\/wp-json\/wp\/v2\/pages"}],"about":[{"href":"https:\/\/www.languagebuddy.eu\/ro\/wp-json\/wp\/v2\/types\/page"}],"author":[{"embeddable":true,"href":"https:\/\/www.languagebuddy.eu\/ro\/wp-json\/wp\/v2\/users\/2"}],"replies":[{"embeddable":true,"href":"https:\/\/www.languagebuddy.eu\/ro\/wp-json\/wp\/v2\/comments?post=856"}],"version-history":[{"count":1,"href":"https:\/\/www.languagebuddy.eu\/ro\/wp-json\/wp\/v2\/pages\/856\/revisions"}],"predecessor-version":[{"id":857,"href":"https:\/\/www.languagebuddy.eu\/ro\/wp-json\/wp\/v2\/pages\/856\/revisions\/857"}],"wp:attachment":[{"href":"https:\/\/www.languagebuddy.eu\/ro\/wp-json\/wp\/v2\/media?parent=856"}],"curies":[{"name":"wp","href":"https:\/\/api.w.org\/{rel}","templated":true}]}}