{"id":990,"date":"2024-07-22T19:30:47","date_gmt":"2024-07-22T19:30:47","guid":{"rendered":"https:\/\/www.languagebuddy.eu\/despre\/"},"modified":"2025-05-05T11:02:41","modified_gmt":"2025-05-05T11:02:41","slug":"despre","status":"publish","type":"page","link":"https:\/\/www.languagebuddy.eu\/ro\/despre\/","title":{"rendered":"Despre"},"content":{"rendered":"\t\t<div data-elementor-type=\"wp-page\" data-elementor-id=\"990\" class=\"elementor elementor-990 elementor-47\" data-elementor-post-type=\"page\">\n\t\t\t\t<div class=\"elementor-element elementor-element-1306e0e e-flex e-con-boxed e-con e-parent\" data-id=\"1306e0e\" data-element_type=\"container\" data-e-type=\"container\" data-settings=\"{&quot;background_background&quot;:&quot;classic&quot;}\">\n\t\t\t\t\t<div class=\"e-con-inner\">\n\t\t\t\t\t<\/div>\n\t\t\t\t<\/div>\n\t\t<div class=\"elementor-element elementor-element-baa7baf e-flex e-con-boxed e-con e-parent\" data-id=\"baa7baf\" data-element_type=\"container\" data-e-type=\"container\">\n\t\t\t\t\t<div class=\"e-con-inner\">\n\t\t\t\t<div class=\"elementor-element elementor-element-001d3cd elementor-widget elementor-widget-heading\" data-id=\"001d3cd\" data-element_type=\"widget\" data-e-type=\"widget\" data-widget_type=\"heading.default\">\n\t\t\t\t<div class=\"elementor-widget-container\">\n\t\t\t\t\t<h2 class=\"elementor-heading-title elementor-size-default\">Obiective \u0219i rezultate preconizate<\/h2>\t\t\t\t<\/div>\n\t\t\t\t<\/div>\n\t\t\t\t<div class=\"elementor-element elementor-element-102460d elementor-widget-divider--view-line elementor-widget elementor-widget-divider\" data-id=\"102460d\" data-element_type=\"widget\" data-e-type=\"widget\" data-widget_type=\"divider.default\">\n\t\t\t\t<div class=\"elementor-widget-container\">\n\t\t\t\t\t\t\t<div class=\"elementor-divider\">\n\t\t\t<span class=\"elementor-divider-separator\">\n\t\t\t\t\t\t<\/span>\n\t\t<\/div>\n\t\t\t\t\t\t<\/div>\n\t\t\t\t<\/div>\n\t\t\t\t<div class=\"elementor-element elementor-element-01e95bb elementor-widget elementor-widget-text-editor\" data-id=\"01e95bb\" data-element_type=\"widget\" data-e-type=\"widget\" data-widget_type=\"text-editor.default\">\n\t\t\t\t<div class=\"elementor-widget-container\">\n\t\t\t\t\t\t\t\t\t<p><span style=\"font-weight: 400;\">Language Buddy are ca scop \u00eembun\u0103t\u0103\u021birea \u00eenv\u0103\u021b\u0103rii limbilor str\u0103ine de c\u0103tre elevii (cu v\u00e2rste cuprinse \u00eentre 12 \u0219i 17 ani) proveni\u021bi din medii de refugia\u021bi\/migran\u021bi, prin \u00eenv\u0103\u021bare non-formal\u0103 \u0219i informal\u0103, prin extinderea practicilor de mentorat \u0219i implementarea unui sistem de buddy. Coordonat de institu\u021bii de \u00eenv\u0103\u021b\u0103m\u00e2nt superior (IIS), \u0219coli\/autorit\u0103\u021bi educa\u021bionale, organiza\u021bii neguvernamentale (ONG-uri) \u0219i organiza\u021bii conduse de migran\u021bi, sistemul de buddy va implica asocierea acestora cu studen\u021bi din IIS (departamente de pedagogie\/educa\u021bie\/limbi str\u0103ine\/literatur\u0103), care vor fi sprijini\u021bi s\u0103 ac\u021bioneze ca mentori lingvistici \u00een cadrul unor programe de voluntariat \u0219i\/sau stagii \u00een cadrul studiilor lor. <\/span><\/p><p><strong>Obiective:<\/strong><\/p><ul><li style=\"font-weight: 400;\" aria-level=\"1\"><span style=\"font-weight: 400;\">Sisteme de mentorat\/\u00eenso\u021bire de nivel superior, cu o component\u0103 de \u00eenv\u0103\u021bare a limbilor str\u0103ine, destinate tinerilor proveni\u021bi din medii migrante (cu v\u00e2rste cuprinse \u00eentre 12 \u0219i 17 ani).<\/span><\/li><li style=\"font-weight: 400;\" aria-level=\"1\"><span style=\"font-weight: 400;\">Dezvoltarea competen\u021belor studen\u021bilor din \u00eenv\u0103\u021b\u0103m\u00e2ntul superior din departamentele de pedagogie\/educa\u021bie\/limbi str\u0103ine\/literatur\u0103 \u00een ceea ce prive\u0219te metodologiile inovatoare de \u00eenv\u0103\u021bare, pedagogia intercultural\u0103 \u0219i dezvoltarea limbajului.<\/span><\/li><li style=\"font-weight: 400;\" aria-level=\"1\"><span style=\"font-weight: 400;\">\u00cembun\u0103t\u0103\u021birea accesului tinerilor proveni\u021bi din familii de migran\u021bi (cu v\u00e2rste cuprinse \u00eentre 12 \u0219i 17 ani) la oportunit\u0103\u021bi de \u00eenv\u0103\u021bare non-formal\u0103\/informal\u0103 a limbilor str\u0103ine (sprijinind activitatea desf\u0103\u0219urat\u0103 de \u0219coli).<\/span><\/li><li style=\"font-weight: 400;\" aria-level=\"1\"><span style=\"font-weight: 400;\">\u00cembun\u0103t\u0103\u021birea cooper\u0103rii \u00eentre institu\u021biile de \u00eenv\u0103\u021b\u0103m\u00e2nt superior, organiza\u021biile conduse de migran\u021bi, \u0219coli, ONG-uri, autorit\u0103\u021bi locale\/regionale din domeniul educa\u021biei pentru sprijinirea \u00eenv\u0103\u021b\u0103rii limbilor str\u0103ine de c\u0103tre tinerii migran\u021bi.<\/span><\/li><\/ul><p><strong><br>Rezultate a\u0219teptate:<\/strong><\/p><ul><li style=\"font-weight: 400;\" aria-level=\"1\"><span style=\"font-weight: 400;\">\u00cembun\u0103t\u0103\u021birea competen\u021belor \u0219i abilit\u0103\u021bilor a cel pu\u021bin 365 de studen\u021bi din cadrul departamentelor de pedagogie\/educa\u021bie\/literatur\u0103 ale institu\u021biilor de \u00eenv\u0103\u021b\u0103m\u00e2nt superior, care vor fi forma\u021bi \u00een cadrul modelului \u201eLanguage Buddy\u201d \u0219i vor participa la proiectele-pilot \u00een calitate de mentori; <\/span><\/li><li style=\"font-weight: 400;\" aria-level=\"1\"><span style=\"font-weight: 400;\">\u00cemputernicirea, \u00eembun\u0103t\u0103\u021birea competen\u021belor \u0219i abilit\u0103\u021bilor (lingvistice) a cel pu\u021bin 365 de elevi din \u00eenv\u0103\u021b\u0103m\u00e2ntul secundar proveni\u021bi din medii migrante, care vor participa la proiectele-pilot \u00een calitate de mentora\u021bi; <\/span><\/li><li style=\"font-weight: 400;\" aria-level=\"1\"><span style=\"font-weight: 400;\">Consolidarea parteneriatelor \u0219i cooper\u0103rii \u00eentre institu\u021biile de \u00eenv\u0103\u021b\u0103m\u00e2nt superior, organiza\u021biile conduse de migran\u021bi, \u0219coli, ONG-uri, autorit\u0103\u021bi locale\/regionale din domeniul educa\u021biei prin activit\u0103\u021bi comune \u0219i evenimente relevante;<\/span><\/li><li style=\"font-weight: 400;\" aria-level=\"1\"><span style=\"font-weight: 400;\">\u00cembun\u0103t\u0103\u021birea cuno\u0219tin\u021belor \u0219i a gradului de con\u0219tientizare \u00een cadrul re\u021belelor de institu\u021bii de \u00eenv\u0103\u021b\u0103m\u00e2nt superior participante cu privire la beneficiile modelului \u201eLanguage Buddy\u201d; <\/span><\/li><li style=\"font-weight: 400;\" aria-level=\"1\"><span style=\"font-weight: 400;\">Cre\u0219terea gradului de con\u0219tientizare a autorit\u0103\u021bilor locale \u0219i na\u021bionale, precum \u0219i a comunit\u0103\u021bilor locale\/publicului larg cu privire la importan\u021ba comunic\u0103rii interculturale \u0219i a solidarit\u0103\u021bii;<\/span><\/li><li style=\"font-weight: 400;\" aria-level=\"1\"><span style=\"font-weight: 400;\">Promovarea abord\u0103rilor digitale inovatoare, centrate pe elev, \u00een \u00eenv\u0103\u021barea limbilor str\u0103ine de c\u0103tre migran\u021bi.<\/span><\/li><li style=\"font-weight: 400;\" aria-level=\"1\"><span style=\"font-weight: 400;\">Modelul \u201eLanguage Buddy\u201d este integrat \u00een continuare \u00een departamentele de pedagogie\/educa\u021bie\/literatur\u0103 ale institu\u021biilor de \u00eenv\u0103\u021b\u0103m\u00e2nt superior \u0219i \u00een alte discipline din \u021b\u0103rile UE;<\/span><\/li><li style=\"font-weight: 400;\" aria-level=\"1\"><span style=\"font-weight: 400;\">Modernizarea institu\u021biilor de \u00eenv\u0103\u021b\u0103m\u00e2nt superior europene;<\/span><\/li><li style=\"font-weight: 400;\" aria-level=\"1\"><span style=\"font-weight: 400;\">Reducerea absenteismului \u0219i a ratei de abandon \u0219colar timpuriu \u00een r\u00e2ndul copiilor \u0219i tinerilor proveni\u021bi din familii de refugia\u021bi\/migran\u021bi, cre\u0219terea sentimentului de apartenen\u021b\u0103, a implic\u0103rii civice \u0219i \u00eembun\u0103t\u0103\u021birea performan\u021belor \u0219colare;<\/span><\/li><li style=\"font-weight: 400;\" aria-level=\"1\"><span style=\"font-weight: 400;\">Rela\u021bii semnificative \u0219i durabile \u0219i leg\u0103turi sociale \u00eentre studen\u021bii din \u00eenv\u0103\u021b\u0103m\u00e2ntul superior \u0219i elevii din \u00eenv\u0103\u021b\u0103m\u00e2ntul secundar; Integrarea modelului \u201eLanguage Buddy\u201d la nivel local\/na\u021bional;<\/span><\/li><li style=\"font-weight: 400;\" aria-level=\"1\"><span style=\"font-weight: 400;\">Re\u021bele locale \u0219i interna\u021bionale de organiza\u021bii care vor coopera pentru incluziunea copiilor \u0219i tinerilor proveni\u021bi din familii de migran\u021bi, dincolo de durata de via\u021b\u0103 a proiectului;<\/span><\/li><li style=\"font-weight: 400;\" aria-level=\"1\"><span style=\"font-weight: 400;\">Incluziunea social\u0103 a familiilor de migran\u021bi;<\/span><\/li><li style=\"font-weight: 400;\" aria-level=\"1\"><span style=\"font-weight: 400;\">Combaterea discursurilor xenofobe \u0219i spargerea stereotipurilor.<\/span><\/li><li style=\"font-weight: 400;\" aria-level=\"1\"><span style=\"font-weight: 400;\">Language Buddy deschide noi c\u0103i \u00eentr-un aspect cheie pentru a avansa c\u0103tre societ\u0103\u021bi mai coezive \u0219i mai incluzive, \u0219i anume \u00eenv\u0103\u021barea limbilor oficiale de c\u0103tre copiii \u0219i adolescen\u021bii migran\u021bi care au sosit recent pe teritoriul UE.<\/span><\/li><\/ul>\t\t\t\t\t\t\t\t<\/div>\n\t\t\t\t<\/div>\n\t\t\t\t<div class=\"elementor-element elementor-element-f177c8e elementor-widget elementor-widget-heading\" data-id=\"f177c8e\" data-element_type=\"widget\" data-e-type=\"widget\" data-widget_type=\"heading.default\">\n\t\t\t\t<div class=\"elementor-widget-container\">\n\t\t\t\t\t<h2 class=\"elementor-heading-title elementor-size-default\">Activit\u0103\u021bi<\/h2>\t\t\t\t<\/div>\n\t\t\t\t<\/div>\n\t\t\t\t<div class=\"elementor-element elementor-element-dd4c2ac elementor-widget-divider--view-line elementor-widget elementor-widget-divider\" data-id=\"dd4c2ac\" data-element_type=\"widget\" data-e-type=\"widget\" data-widget_type=\"divider.default\">\n\t\t\t\t<div class=\"elementor-widget-container\">\n\t\t\t\t\t\t\t<div class=\"elementor-divider\">\n\t\t\t<span class=\"elementor-divider-separator\">\n\t\t\t\t\t\t<\/span>\n\t\t<\/div>\n\t\t\t\t\t\t<\/div>\n\t\t\t\t<\/div>\n\t\t\t\t<div class=\"elementor-element elementor-element-845c1a8 elementor-widget elementor-widget-text-editor\" data-id=\"845c1a8\" data-element_type=\"widget\" data-e-type=\"widget\" data-widget_type=\"text-editor.default\">\n\t\t\t\t<div class=\"elementor-widget-container\">\n\t\t\t\t\t\t\t\t\t<p><span style=\"font-weight: 400;\">Iat\u0103 lista principalelor activit\u0103\u021bi:<\/span><\/p><ul><li style=\"font-weight: 400;\" aria-level=\"1\"><span style=\"font-weight: 400;\">Analiza celor mai bune practici existente \u0219i a instrumentelor eficiente<\/span><\/li><li style=\"font-weight: 400;\" aria-level=\"1\"><span style=\"font-weight: 400;\">Proiectarea \u0219i dezvoltarea \u00een colaborare a modelului Language Buddy<\/span><\/li><li style=\"font-weight: 400;\" aria-level=\"1\"><span style=\"font-weight: 400;\">Instituirea sistemului \u201eLanguage Buddy\u201d \u00een institu\u021biile de \u00eenv\u0103\u021b\u0103m\u00e2nt superior<\/span><\/li><li style=\"font-weight: 400;\" aria-level=\"1\"><span style=\"font-weight: 400;\">Dezvoltarea unui curs online pentru studen\u021bii din \u00eenv\u0103\u021b\u0103m\u00e2ntul superior<\/span><\/li><li style=\"font-weight: 400;\" aria-level=\"1\"><span style=\"font-weight: 400;\">Atelier transna\u021bional de formare a formatorilor (ToT) \u00een domeniul limbilor str\u0103ine<\/span><\/li><li style=\"font-weight: 400;\" aria-level=\"1\"><span style=\"font-weight: 400;\">Formarea studen\u021bilor din \u00eenv\u0103\u021b\u0103m\u00e2ntul superior<\/span><\/li><li style=\"font-weight: 400;\" aria-level=\"1\"><span style=\"font-weight: 400;\">Pilotarea sistemului Language Buddy cu elevi proveni\u021bi din familii de migran\u021bi<\/span><\/li><li style=\"font-weight: 400;\" aria-level=\"1\"><span style=\"font-weight: 400;\">Evaluarea proiectelor-pilot \u0219i dezvoltarea modelului Language Buddy 2.0<\/span><\/li><li style=\"font-weight: 400;\" aria-level=\"1\"><span style=\"font-weight: 400;\">Mese rotunde na\u021bionale pe teme digitale<\/span><\/li><li style=\"font-weight: 400;\" aria-level=\"1\"><span style=\"font-weight: 400;\">Recomand\u0103ri de politici pentru integrarea modelului \u201eLanguage Buddy\u201d<\/span><\/li><\/ul>\t\t\t\t\t\t\t\t<\/div>\n\t\t\t\t<\/div>\n\t\t\t\t<div class=\"elementor-element elementor-element-ca16ef1 elementor-widget elementor-widget-heading\" data-id=\"ca16ef1\" data-element_type=\"widget\" data-e-type=\"widget\" data-widget_type=\"heading.default\">\n\t\t\t\t<div class=\"elementor-widget-container\">\n\t\t\t\t\t<h2 class=\"elementor-heading-title elementor-size-default\">Grup \u021bint\u0103<\/h2>\t\t\t\t<\/div>\n\t\t\t\t<\/div>\n\t\t\t\t<div class=\"elementor-element elementor-element-d11db2d elementor-widget-divider--view-line elementor-widget elementor-widget-divider\" data-id=\"d11db2d\" data-element_type=\"widget\" data-e-type=\"widget\" data-widget_type=\"divider.default\">\n\t\t\t\t<div class=\"elementor-widget-container\">\n\t\t\t\t\t\t\t<div class=\"elementor-divider\">\n\t\t\t<span class=\"elementor-divider-separator\">\n\t\t\t\t\t\t<\/span>\n\t\t<\/div>\n\t\t\t\t\t\t<\/div>\n\t\t\t\t<\/div>\n\t\t\t\t<div class=\"elementor-element elementor-element-9392085 elementor-widget elementor-widget-text-editor\" data-id=\"9392085\" data-element_type=\"widget\" data-e-type=\"widget\" data-widget_type=\"text-editor.default\">\n\t\t\t\t<div class=\"elementor-widget-container\">\n\t\t\t\t\t\t\t\t\t<p><span style=\"font-weight: 400;\">Grupul \u021bint\u0103 al proiectului este reprezentat de elevii migran\u021bi din \u00eenv\u0103\u021b\u0103m\u00e2ntul secundar, studen\u021bii din \u00eenv\u0103\u021b\u0103m\u00e2ntul superior, p\u0103r\u021bile interesate (institu\u021bii de \u00eenv\u0103\u021b\u0103m\u00e2nt superior, organiza\u021bii conduse de migran\u021bi, \u0219coli, ONG-uri, autorit\u0103\u021bi locale\/regionale din domeniul educa\u021biei).<\/span><\/p>\t\t\t\t\t\t\t\t<\/div>\n\t\t\t\t<\/div>\n\t\t\t\t<div class=\"elementor-element elementor-element-f8970b1 elementor-widget elementor-widget-heading\" data-id=\"f8970b1\" data-element_type=\"widget\" data-e-type=\"widget\" data-widget_type=\"heading.default\">\n\t\t\t\t<div class=\"elementor-widget-container\">\n\t\t\t\t\t<h2 class=\"elementor-heading-title elementor-size-default\">Parteneriat<\/h2>\t\t\t\t<\/div>\n\t\t\t\t<\/div>\n\t\t\t\t<div class=\"elementor-element elementor-element-bdfc621 elementor-widget-divider--view-line elementor-widget elementor-widget-divider\" data-id=\"bdfc621\" data-element_type=\"widget\" data-e-type=\"widget\" data-widget_type=\"divider.default\">\n\t\t\t\t<div class=\"elementor-widget-container\">\n\t\t\t\t\t\t\t<div class=\"elementor-divider\">\n\t\t\t<span class=\"elementor-divider-separator\">\n\t\t\t\t\t\t<\/span>\n\t\t<\/div>\n\t\t\t\t\t\t<\/div>\n\t\t\t\t<\/div>\n\t\t\t\t<div class=\"elementor-element elementor-element-941de98 elementor-widget elementor-widget-text-editor\" data-id=\"941de98\" data-element_type=\"widget\" data-e-type=\"widget\" data-widget_type=\"text-editor.default\">\n\t\t\t\t<div class=\"elementor-widget-container\">\n\t\t\t\t\t\t\t\t\t<p><span style=\"font-weight: 400;\">Consor\u021biul, condus de Universitatea din Macedonia, este format din 16 organiza\u021bii, dintre care 8 organiza\u021bii ale societ\u0103\u021bii civile, 7 universit\u0103\u021bi \u0219i 1 direc\u021bie de educa\u021bie, \u0219i are sediul \u00een 8 \u021b\u0103ri europene: Grecia, Italia, Rom\u00e2nia, Bulgaria, Spania, Portugalia, Malta \u0219i Austria.<\/span><\/p><p><a href=\"https:\/\/www.languagebuddy.eu\/ro\/parteneriat\/\">\ud83d\udd17 Citi\u021bi mai multe despre parteneri<\/a><\/p>\t\t\t\t\t\t\t\t<\/div>\n\t\t\t\t<\/div>\n\t\t\t\t<div class=\"elementor-element elementor-element-3c53efc elementor-widget elementor-widget-button\" data-id=\"3c53efc\" data-element_type=\"widget\" data-e-type=\"widget\" data-widget_type=\"button.default\">\n\t\t\t\t<div class=\"elementor-widget-container\">\n\t\t\t\t\t\t\t\t\t<div class=\"elementor-button-wrapper\">\n\t\t\t\t\t<a class=\"elementor-button elementor-button-link elementor-size-sm\" href=\"https:\/\/www.languagebuddy.eu\/wp-content\/uploads\/2024\/07\/Language-buddy-E-leaflet.pdf\">\n\t\t\t\t\t\t<span class=\"elementor-button-content-wrapper\">\n\t\t\t\t\t\t<span class=\"elementor-button-icon\">\n\t\t\t\t<svg aria-hidden=\"true\" class=\"e-font-icon-svg e-fas-download\" viewBox=\"0 0 512 512\" xmlns=\"http:\/\/www.w3.org\/2000\/svg\"><path d=\"M216 0h80c13.3 0 24 10.7 24 24v168h87.7c17.8 0 26.7 21.5 14.1 34.1L269.7 378.3c-7.5 7.5-19.8 7.5-27.3 0L90.1 226.1c-12.6-12.6-3.7-34.1 14.1-34.1H192V24c0-13.3 10.7-24 24-24zm296 376v112c0 13.3-10.7 24-24 24H24c-13.3 0-24-10.7-24-24V376c0-13.3 10.7-24 24-24h146.7l49 49c20.1 20.1 52.5 20.1 72.6 0l49-49H488c13.3 0 24 10.7 24 24zm-124 88c0-11-9-20-20-20s-20 9-20 20 9 20 20 20 20-9 20-20zm64 0c0-11-9-20-20-20s-20 9-20 20 9 20 20 20 20-9 20-20z\"><\/path><\/svg>\t\t\t<\/span>\n\t\t\t\t\t\t\t\t\t<span class=\"elementor-button-text\">Desc\u0103rca\u021bi bro\u0219ura<\/span>\n\t\t\t\t\t<\/span>\n\t\t\t\t\t<\/a>\n\t\t\t\t<\/div>\n\t\t\t\t\t\t\t\t<\/div>\n\t\t\t\t<\/div>\n\t\t\t\t<div class=\"elementor-element elementor-element-d245889 elementor-widget elementor-widget-text-editor\" data-id=\"d245889\" data-element_type=\"widget\" data-e-type=\"widget\" data-widget_type=\"text-editor.default\">\n\t\t\t\t<div class=\"elementor-widget-container\">\n\t\t\t\t\t\t\t\t\t<p><strong>Traduceri bro\u0219uri:<\/strong><\/p><p><span data-sheets-root=\"1\"><em>face\u021bi clic pentru a desc\u0103rca<\/em><\/span><\/p><p><a href=\"https:\/\/www.languagebuddy.eu\/wp-content\/uploads\/2025\/01\/EL-Language-buddy-E-leaflet.pdf\">\ud83c\uddec\ud83c\uddf7 Greek <\/a><br><a href=\"https:\/\/www.languagebuddy.eu\/wp-content\/uploads\/2025\/01\/ITA-Language-buddy-E-leaflet.pdf\">\ud83c\uddee\ud83c\uddf9 Italian<\/a><br><a href=\"https:\/\/www.languagebuddy.eu\/wp-content\/uploads\/2025\/01\/RO-Language-buddy-E-leaflet.pdf\">\ud83c\uddf7\ud83c\uddf4 Romanian<\/a><br><a href=\"https:\/\/www.languagebuddy.eu\/wp-content\/uploads\/2025\/01\/BG-Language-buddy-E-leaflet.pdf\">\ud83c\udde7\ud83c\uddec Bulgarian<\/a><br><a href=\"https:\/\/www.languagebuddy.eu\/wp-content\/uploads\/2025\/01\/ES-Language-buddy-E-leaflet.pdf\">\ud83c\uddea\ud83c\uddf8 Spanish<\/a><br><a href=\"https:\/\/www.languagebuddy.eu\/wp-content\/uploads\/2025\/01\/PT-Language-buddy-E-leaflet.pdf\">\ud83c\uddf5\ud83c\uddf9 Portuguese<\/a><br><a href=\"https:\/\/www.languagebuddy.eu\/wp-content\/uploads\/2025\/01\/DE-Language-buddy-E-leaflet.pdf\">\ud83c\udde6\ud83c\uddf9 German<\/a><br><a href=\"https:\/\/www.languagebuddy.eu\/wp-content\/uploads\/2025\/04\/AMIF-Language-buddy-A4-leaflet_Maltese.pdf\">\ud83c\uddf2\ud83c\uddf9 Maltese <\/a> <\/p>\t\t\t\t\t\t\t\t<\/div>\n\t\t\t\t<\/div>\n\t\t\t\t\t<\/div>\n\t\t\t\t<\/div>\n\t\t\t\t<\/div>\n\t\t","protected":false},"excerpt":{"rendered":"<p>Obiective \u0219i rezultate preconizate Language Buddy are ca scop \u00eembun\u0103t\u0103\u021birea \u00eenv\u0103\u021b\u0103rii limbilor str\u0103ine de c\u0103tre elevii (cu v\u00e2rste cuprinse \u00eentre 12 \u0219i 17 ani) proveni\u021bi din medii de refugia\u021bi\/migran\u021bi, prin \u00eenv\u0103\u021bare non-formal\u0103 \u0219i informal\u0103, prin extinderea practicilor de mentorat \u0219i implementarea unui sistem de buddy. Coordonat de institu\u021bii de \u00eenv\u0103\u021b\u0103m\u00e2nt superior (IIS), \u0219coli\/autorit\u0103\u021bi educa\u021bionale, organiza\u021bii [&hellip;]<\/p>\n","protected":false},"author":2,"featured_media":0,"parent":0,"menu_order":0,"comment_status":"closed","ping_status":"closed","template":"","meta":{"footnotes":""},"class_list":["post-990","page","type-page","status-publish","hentry"],"_links":{"self":[{"href":"https:\/\/www.languagebuddy.eu\/ro\/wp-json\/wp\/v2\/pages\/990","targetHints":{"allow":["GET"]}}],"collection":[{"href":"https:\/\/www.languagebuddy.eu\/ro\/wp-json\/wp\/v2\/pages"}],"about":[{"href":"https:\/\/www.languagebuddy.eu\/ro\/wp-json\/wp\/v2\/types\/page"}],"author":[{"embeddable":true,"href":"https:\/\/www.languagebuddy.eu\/ro\/wp-json\/wp\/v2\/users\/2"}],"replies":[{"embeddable":true,"href":"https:\/\/www.languagebuddy.eu\/ro\/wp-json\/wp\/v2\/comments?post=990"}],"version-history":[{"count":2,"href":"https:\/\/www.languagebuddy.eu\/ro\/wp-json\/wp\/v2\/pages\/990\/revisions"}],"predecessor-version":[{"id":1004,"href":"https:\/\/www.languagebuddy.eu\/ro\/wp-json\/wp\/v2\/pages\/990\/revisions\/1004"}],"wp:attachment":[{"href":"https:\/\/www.languagebuddy.eu\/ro\/wp-json\/wp\/v2\/media?parent=990"}],"curies":[{"name":"wp","href":"https:\/\/api.w.org\/{rel}","templated":true}]}}